{"id":183,"date":"2023-10-15T20:29:36","date_gmt":"2023-10-15T18:29:36","guid":{"rendered":"https:\/\/greenfactor.fr\/?page_id=183"},"modified":"2023-10-28T18:59:41","modified_gmt":"2023-10-28T16:59:41","slug":"conduite-de-jardins","status":"publish","type":"page","link":"https:\/\/www.greenfactor.fr\/index.php\/conduite-de-jardins\/","title":{"rendered":"CONDUITE DE JARDINS"},"content":{"rendered":"\n<p style=\"font-size:22px;font-style:normal;font-weight:500\">Nous comprenons que votre jardin est plus qu\u2019un simple espace ext\u00e9rieur. C\u2019est une extension de votre maison, un lieu o\u00f9 vous pouvez vous d\u00e9tendre, vous divertir et profiter de la beaut\u00e9 de la nature. C\u2019est pourquoi nous offrons un service d\u2019entretien de jardin haut de gamme, con\u00e7u pour garantir que votre jardin soit de plus en plus beau et accueillant .<\/p>\n\n\n\n<p style=\"font-size:22px;font-style:normal;font-weight:500\">Notre \u00e9quipe d\u2019experts en paysagisme est form\u00e9e pour prendre soin de tous les aspects de votre jardin, des plantes et des arbres aux terrasses et abris de jardin en bois. Nous utilisons des m\u00e9thodes respectueuses de l\u2019environnement pour maintenir votre jardin en bonne sant\u00e9 et attrayant tout au long de l\u2019ann\u00e9e.<\/p>\n\n\n\n<p style=\"font-size:22px;font-style:normal;font-weight:500\">Nous proposons une gamme compl\u00e8te de services d\u2019entretien comme, la taille, la tonte, la fertilisation, les traitements phyto, le d\u00e9sherbage, la gestion de l&rsquo;arrosage automatique et bien plus encore. Nous sommes \u00e9galement \u00e0 votre disposition pour effectuer des travaux d\u2019entretien saisonniers ou ponctuels, afin que vous puissiez profiter de votre jardin sans vous soucier de son entretien.<\/p>\n\n\n\n<p style=\"font-size:22px;font-style:normal;font-weight:500\">Faites confiance \u00e0&nbsp;Greenfactor&nbsp;pour prendre soin de votre jardin avec le m\u00eame d\u00e9vouement et la m\u00eame attention aux d\u00e9tails que nous apportons tous les jours \u00e0 notre travail.<\/p>\n\n\n\n<p style=\"font-size:22px;font-style:normal;font-weight:500\"><a href=\"https:\/\/greenfactor.fr\/index.php\/contact\/\" data-type=\"page\" data-id=\"67\"> Contactez-nous<\/a> d\u00e8s aujourd\u2019hui pour d\u00e9couvrir comment nous pouvons vous aider \u00e0 maintenir la beaut\u00e9 et la vitalit\u00e9 de votre espace ext\u00e9rieur.<\/p>\n\n\n\n<hr class=\"wp-block-separator has-alpha-channel-opacity\"\/>\n\n\n\n<figure class=\"wp-block-video\"><video controls src=\"https:\/\/www.greenfactor.fr\/wp-content\/uploads\/2023\/10\/20220919_165412.mp4\"><\/video><\/figure>\n\n\n\n<figure class=\"wp-block-gallery has-nested-images columns-default is-cropped wp-block-gallery-1 is-layout-flex wp-block-gallery-is-layout-flex\">\n<figure class=\"wp-block-image size-large\"><img decoding=\"async\" loading=\"lazy\" width=\"768\" height=\"1024\" data-id=\"341\" src=\"https:\/\/www.greenfactor.fr\/wp-content\/uploads\/2023\/10\/20191107_132351-768x1024.jpg\" alt=\"\" class=\"wp-image-341\" srcset=\"https:\/\/www.greenfactor.fr\/wp-content\/uploads\/2023\/10\/20191107_132351-768x1024.jpg 768w, https:\/\/www.greenfactor.fr\/wp-content\/uploads\/2023\/10\/20191107_132351-225x300.jpg 225w, https:\/\/www.greenfactor.fr\/wp-content\/uploads\/2023\/10\/20191107_132351-1152x1536.jpg 1152w, https:\/\/www.greenfactor.fr\/wp-content\/uploads\/2023\/10\/20191107_132351-1536x2048.jpg 1536w, https:\/\/www.greenfactor.fr\/wp-content\/uploads\/2023\/10\/20191107_132351-1x1.jpg 1w, https:\/\/www.greenfactor.fr\/wp-content\/uploads\/2023\/10\/20191107_132351-scaled.jpg 1920w\" sizes=\"(max-width: 768px) 100vw, 768px\" \/><\/figure>\n\n\n\n<figure class=\"wp-block-image size-large\"><img decoding=\"async\" loading=\"lazy\" width=\"768\" height=\"1024\" data-id=\"343\" src=\"https:\/\/www.greenfactor.fr\/wp-content\/uploads\/2023\/10\/20191107_135007-768x1024.jpg\" alt=\"\" class=\"wp-image-343\" srcset=\"https:\/\/www.greenfactor.fr\/wp-content\/uploads\/2023\/10\/20191107_135007-768x1024.jpg 768w, https:\/\/www.greenfactor.fr\/wp-content\/uploads\/2023\/10\/20191107_135007-225x300.jpg 225w, https:\/\/www.greenfactor.fr\/wp-content\/uploads\/2023\/10\/20191107_135007-1152x1536.jpg 1152w, https:\/\/www.greenfactor.fr\/wp-content\/uploads\/2023\/10\/20191107_135007-1536x2048.jpg 1536w, https:\/\/www.greenfactor.fr\/wp-content\/uploads\/2023\/10\/20191107_135007-1x1.jpg 1w, https:\/\/www.greenfactor.fr\/wp-content\/uploads\/2023\/10\/20191107_135007-scaled.jpg 1920w\" sizes=\"(max-width: 768px) 100vw, 768px\" \/><\/figure>\n\n\n\n<figure class=\"wp-block-image size-large\"><img decoding=\"async\" loading=\"lazy\" width=\"768\" height=\"1024\" data-id=\"340\" src=\"https:\/\/www.greenfactor.fr\/wp-content\/uploads\/2023\/10\/20191108_132519-768x1024.jpg\" alt=\"\" class=\"wp-image-340\" srcset=\"https:\/\/www.greenfactor.fr\/wp-content\/uploads\/2023\/10\/20191108_132519-768x1024.jpg 768w, https:\/\/www.greenfactor.fr\/wp-content\/uploads\/2023\/10\/20191108_132519-225x300.jpg 225w, https:\/\/www.greenfactor.fr\/wp-content\/uploads\/2023\/10\/20191108_132519-1152x1536.jpg 1152w, https:\/\/www.greenfactor.fr\/wp-content\/uploads\/2023\/10\/20191108_132519-1536x2048.jpg 1536w, https:\/\/www.greenfactor.fr\/wp-content\/uploads\/2023\/10\/20191108_132519-1x1.jpg 1w, https:\/\/www.greenfactor.fr\/wp-content\/uploads\/2023\/10\/20191108_132519-scaled.jpg 1920w\" sizes=\"(max-width: 768px) 100vw, 768px\" \/><\/figure>\n\n\n\n<figure class=\"wp-block-image size-large\"><img decoding=\"async\" loading=\"lazy\" width=\"1024\" height=\"577\" data-id=\"342\" src=\"https:\/\/www.greenfactor.fr\/wp-content\/uploads\/2023\/10\/20220608_111945-1-1024x577.jpg\" alt=\"\" class=\"wp-image-342\" srcset=\"https:\/\/www.greenfactor.fr\/wp-content\/uploads\/2023\/10\/20220608_111945-1-1024x577.jpg 1024w, https:\/\/www.greenfactor.fr\/wp-content\/uploads\/2023\/10\/20220608_111945-1-300x169.jpg 300w, https:\/\/www.greenfactor.fr\/wp-content\/uploads\/2023\/10\/20220608_111945-1-768x432.jpg 768w, https:\/\/www.greenfactor.fr\/wp-content\/uploads\/2023\/10\/20220608_111945-1-1536x865.jpg 1536w, https:\/\/www.greenfactor.fr\/wp-content\/uploads\/2023\/10\/20220608_111945-1-2048x1153.jpg 2048w, https:\/\/www.greenfactor.fr\/wp-content\/uploads\/2023\/10\/20220608_111945-1-1x1.jpg 1w\" sizes=\"(max-width: 1024px) 100vw, 1024px\" \/><\/figure>\n\n\n\n<figure class=\"wp-block-image size-large\"><img decoding=\"async\" loading=\"lazy\" width=\"577\" height=\"1024\" data-id=\"347\" src=\"https:\/\/www.greenfactor.fr\/wp-content\/uploads\/2023\/10\/20220615_105908-1-577x1024.jpg\" alt=\"\" class=\"wp-image-347\" srcset=\"https:\/\/www.greenfactor.fr\/wp-content\/uploads\/2023\/10\/20220615_105908-1-577x1024.jpg 577w, https:\/\/www.greenfactor.fr\/wp-content\/uploads\/2023\/10\/20220615_105908-1-169x300.jpg 169w, https:\/\/www.greenfactor.fr\/wp-content\/uploads\/2023\/10\/20220615_105908-1-768x1364.jpg 768w, https:\/\/www.greenfactor.fr\/wp-content\/uploads\/2023\/10\/20220615_105908-1-865x1536.jpg 865w, https:\/\/www.greenfactor.fr\/wp-content\/uploads\/2023\/10\/20220615_105908-1-1153x2048.jpg 1153w, https:\/\/www.greenfactor.fr\/wp-content\/uploads\/2023\/10\/20220615_105908-1-1x2.jpg 1w, https:\/\/www.greenfactor.fr\/wp-content\/uploads\/2023\/10\/20220615_105908-1-scaled.jpg 1442w\" sizes=\"(max-width: 577px) 100vw, 577px\" \/><\/figure>\n\n\n\n<figure class=\"wp-block-image size-large\"><img decoding=\"async\" loading=\"lazy\" width=\"1024\" height=\"577\" data-id=\"346\" src=\"https:\/\/www.greenfactor.fr\/wp-content\/uploads\/2023\/10\/20220617_160943-1024x577.jpg\" alt=\"\" class=\"wp-image-346\" srcset=\"https:\/\/www.greenfactor.fr\/wp-content\/uploads\/2023\/10\/20220617_160943-1024x577.jpg 1024w, https:\/\/www.greenfactor.fr\/wp-content\/uploads\/2023\/10\/20220617_160943-300x169.jpg 300w, https:\/\/www.greenfactor.fr\/wp-content\/uploads\/2023\/10\/20220617_160943-768x432.jpg 768w, https:\/\/www.greenfactor.fr\/wp-content\/uploads\/2023\/10\/20220617_160943-1536x865.jpg 1536w, https:\/\/www.greenfactor.fr\/wp-content\/uploads\/2023\/10\/20220617_160943-2048x1153.jpg 2048w, https:\/\/www.greenfactor.fr\/wp-content\/uploads\/2023\/10\/20220617_160943-1x1.jpg 1w\" sizes=\"(max-width: 1024px) 100vw, 1024px\" \/><\/figure>\n\n\n\n<figure class=\"wp-block-image size-large\"><img decoding=\"async\" loading=\"lazy\" width=\"1024\" height=\"577\" data-id=\"344\" src=\"https:\/\/www.greenfactor.fr\/wp-content\/uploads\/2023\/10\/20220617_160957-1024x577.jpg\" alt=\"\" class=\"wp-image-344\" srcset=\"https:\/\/www.greenfactor.fr\/wp-content\/uploads\/2023\/10\/20220617_160957-1024x577.jpg 1024w, https:\/\/www.greenfactor.fr\/wp-content\/uploads\/2023\/10\/20220617_160957-300x169.jpg 300w, https:\/\/www.greenfactor.fr\/wp-content\/uploads\/2023\/10\/20220617_160957-768x432.jpg 768w, https:\/\/www.greenfactor.fr\/wp-content\/uploads\/2023\/10\/20220617_160957-1536x865.jpg 1536w, https:\/\/www.greenfactor.fr\/wp-content\/uploads\/2023\/10\/20220617_160957-2048x1153.jpg 2048w, https:\/\/www.greenfactor.fr\/wp-content\/uploads\/2023\/10\/20220617_160957-1x1.jpg 1w\" sizes=\"(max-width: 1024px) 100vw, 1024px\" \/><\/figure>\n\n\n\n<figure class=\"wp-block-image size-large\"><img decoding=\"async\" loading=\"lazy\" width=\"1024\" height=\"577\" data-id=\"332\" src=\"https:\/\/www.greenfactor.fr\/wp-content\/uploads\/2023\/10\/20220617_161155-1024x577.jpg\" alt=\"\" class=\"wp-image-332\" srcset=\"https:\/\/www.greenfactor.fr\/wp-content\/uploads\/2023\/10\/20220617_161155-1024x577.jpg 1024w, https:\/\/www.greenfactor.fr\/wp-content\/uploads\/2023\/10\/20220617_161155-300x169.jpg 300w, https:\/\/www.greenfactor.fr\/wp-content\/uploads\/2023\/10\/20220617_161155-768x432.jpg 768w, https:\/\/www.greenfactor.fr\/wp-content\/uploads\/2023\/10\/20220617_161155-1536x865.jpg 1536w, https:\/\/www.greenfactor.fr\/wp-content\/uploads\/2023\/10\/20220617_161155-2048x1153.jpg 2048w, https:\/\/www.greenfactor.fr\/wp-content\/uploads\/2023\/10\/20220617_161155-1x1.jpg 1w\" sizes=\"(max-width: 1024px) 100vw, 1024px\" \/><\/figure>\n\n\n\n<figure class=\"wp-block-image size-large\"><img decoding=\"async\" loading=\"lazy\" width=\"1024\" height=\"577\" data-id=\"333\" src=\"https:\/\/www.greenfactor.fr\/wp-content\/uploads\/2023\/10\/20220630_121027-1-1024x577.jpg\" alt=\"\" class=\"wp-image-333\" srcset=\"https:\/\/www.greenfactor.fr\/wp-content\/uploads\/2023\/10\/20220630_121027-1-1024x577.jpg 1024w, https:\/\/www.greenfactor.fr\/wp-content\/uploads\/2023\/10\/20220630_121027-1-300x169.jpg 300w, https:\/\/www.greenfactor.fr\/wp-content\/uploads\/2023\/10\/20220630_121027-1-768x432.jpg 768w, https:\/\/www.greenfactor.fr\/wp-content\/uploads\/2023\/10\/20220630_121027-1-1536x865.jpg 1536w, https:\/\/www.greenfactor.fr\/wp-content\/uploads\/2023\/10\/20220630_121027-1-2048x1153.jpg 2048w, https:\/\/www.greenfactor.fr\/wp-content\/uploads\/2023\/10\/20220630_121027-1-1x1.jpg 1w\" sizes=\"(max-width: 1024px) 100vw, 1024px\" \/><\/figure>\n\n\n\n<figure class=\"wp-block-image size-large\"><img decoding=\"async\" loading=\"lazy\" width=\"1024\" height=\"576\" data-id=\"331\" src=\"https:\/\/www.greenfactor.fr\/wp-content\/uploads\/2023\/10\/20220630_121041-1-1024x576.jpg\" alt=\"\" class=\"wp-image-331\" srcset=\"https:\/\/www.greenfactor.fr\/wp-content\/uploads\/2023\/10\/20220630_121041-1-1024x576.jpg 1024w, https:\/\/www.greenfactor.fr\/wp-content\/uploads\/2023\/10\/20220630_121041-1-300x169.jpg 300w, https:\/\/www.greenfactor.fr\/wp-content\/uploads\/2023\/10\/20220630_121041-1-768x432.jpg 768w, https:\/\/www.greenfactor.fr\/wp-content\/uploads\/2023\/10\/20220630_121041-1-1536x864.jpg 1536w, https:\/\/www.greenfactor.fr\/wp-content\/uploads\/2023\/10\/20220630_121041-1-2048x1152.jpg 2048w, https:\/\/www.greenfactor.fr\/wp-content\/uploads\/2023\/10\/20220630_121041-1-1x1.jpg 1w\" sizes=\"(max-width: 1024px) 100vw, 1024px\" \/><\/figure>\n\n\n\n<figure class=\"wp-block-image size-large\"><img decoding=\"async\" loading=\"lazy\" width=\"576\" height=\"1024\" data-id=\"336\" src=\"https:\/\/www.greenfactor.fr\/wp-content\/uploads\/2023\/10\/20220704_164053-1-576x1024.jpg\" alt=\"\" class=\"wp-image-336\" srcset=\"https:\/\/www.greenfactor.fr\/wp-content\/uploads\/2023\/10\/20220704_164053-1-576x1024.jpg 576w, https:\/\/www.greenfactor.fr\/wp-content\/uploads\/2023\/10\/20220704_164053-1-169x300.jpg 169w, https:\/\/www.greenfactor.fr\/wp-content\/uploads\/2023\/10\/20220704_164053-1-768x1365.jpg 768w, https:\/\/www.greenfactor.fr\/wp-content\/uploads\/2023\/10\/20220704_164053-1-864x1536.jpg 864w, https:\/\/www.greenfactor.fr\/wp-content\/uploads\/2023\/10\/20220704_164053-1-1152x2048.jpg 1152w, https:\/\/www.greenfactor.fr\/wp-content\/uploads\/2023\/10\/20220704_164053-1-1x2.jpg 1w, https:\/\/www.greenfactor.fr\/wp-content\/uploads\/2023\/10\/20220704_164053-1-scaled.jpg 1440w\" sizes=\"(max-width: 576px) 100vw, 576px\" \/><\/figure>\n\n\n\n<figure class=\"wp-block-image size-large\"><img decoding=\"async\" loading=\"lazy\" width=\"576\" height=\"1024\" data-id=\"339\" src=\"https:\/\/www.greenfactor.fr\/wp-content\/uploads\/2023\/10\/20220704_164127-1-576x1024.jpg\" alt=\"\" class=\"wp-image-339\" srcset=\"https:\/\/www.greenfactor.fr\/wp-content\/uploads\/2023\/10\/20220704_164127-1-576x1024.jpg 576w, https:\/\/www.greenfactor.fr\/wp-content\/uploads\/2023\/10\/20220704_164127-1-169x300.jpg 169w, https:\/\/www.greenfactor.fr\/wp-content\/uploads\/2023\/10\/20220704_164127-1-768x1365.jpg 768w, https:\/\/www.greenfactor.fr\/wp-content\/uploads\/2023\/10\/20220704_164127-1-864x1536.jpg 864w, https:\/\/www.greenfactor.fr\/wp-content\/uploads\/2023\/10\/20220704_164127-1-1152x2048.jpg 1152w, https:\/\/www.greenfactor.fr\/wp-content\/uploads\/2023\/10\/20220704_164127-1-1x2.jpg 1w, https:\/\/www.greenfactor.fr\/wp-content\/uploads\/2023\/10\/20220704_164127-1-scaled.jpg 1440w\" sizes=\"(max-width: 576px) 100vw, 576px\" \/><\/figure>\n\n\n\n<figure class=\"wp-block-image size-large\"><img decoding=\"async\" loading=\"lazy\" width=\"577\" height=\"1024\" data-id=\"348\" src=\"https:\/\/www.greenfactor.fr\/wp-content\/uploads\/2023\/10\/20220704_164212-1-577x1024.jpg\" alt=\"\" class=\"wp-image-348\" srcset=\"https:\/\/www.greenfactor.fr\/wp-content\/uploads\/2023\/10\/20220704_164212-1-577x1024.jpg 577w, https:\/\/www.greenfactor.fr\/wp-content\/uploads\/2023\/10\/20220704_164212-1-169x300.jpg 169w, https:\/\/www.greenfactor.fr\/wp-content\/uploads\/2023\/10\/20220704_164212-1-768x1364.jpg 768w, https:\/\/www.greenfactor.fr\/wp-content\/uploads\/2023\/10\/20220704_164212-1-865x1536.jpg 865w, https:\/\/www.greenfactor.fr\/wp-content\/uploads\/2023\/10\/20220704_164212-1-1153x2048.jpg 1153w, https:\/\/www.greenfactor.fr\/wp-content\/uploads\/2023\/10\/20220704_164212-1-1x2.jpg 1w, https:\/\/www.greenfactor.fr\/wp-content\/uploads\/2023\/10\/20220704_164212-1-scaled.jpg 1442w\" sizes=\"(max-width: 577px) 100vw, 577px\" \/><\/figure>\n\n\n\n<figure class=\"wp-block-image size-large\"><img decoding=\"async\" loading=\"lazy\" width=\"1024\" height=\"576\" data-id=\"349\" src=\"https:\/\/www.greenfactor.fr\/wp-content\/uploads\/2023\/10\/20220806_175047-1-1024x576.jpg\" alt=\"\" class=\"wp-image-349\" srcset=\"https:\/\/www.greenfactor.fr\/wp-content\/uploads\/2023\/10\/20220806_175047-1-1024x576.jpg 1024w, https:\/\/www.greenfactor.fr\/wp-content\/uploads\/2023\/10\/20220806_175047-1-300x169.jpg 300w, https:\/\/www.greenfactor.fr\/wp-content\/uploads\/2023\/10\/20220806_175047-1-768x432.jpg 768w, https:\/\/www.greenfactor.fr\/wp-content\/uploads\/2023\/10\/20220806_175047-1-1536x864.jpg 1536w, https:\/\/www.greenfactor.fr\/wp-content\/uploads\/2023\/10\/20220806_175047-1-2048x1152.jpg 2048w, https:\/\/www.greenfactor.fr\/wp-content\/uploads\/2023\/10\/20220806_175047-1-1x1.jpg 1w\" sizes=\"(max-width: 1024px) 100vw, 1024px\" \/><\/figure>\n\n\n\n<figure class=\"wp-block-image size-large\"><img decoding=\"async\" loading=\"lazy\" width=\"768\" height=\"1024\" data-id=\"350\" src=\"https:\/\/www.greenfactor.fr\/wp-content\/uploads\/2023\/10\/20220919_164806-768x1024.jpg\" alt=\"\" class=\"wp-image-350\" srcset=\"https:\/\/www.greenfactor.fr\/wp-content\/uploads\/2023\/10\/20220919_164806-768x1024.jpg 768w, https:\/\/www.greenfactor.fr\/wp-content\/uploads\/2023\/10\/20220919_164806-225x300.jpg 225w, https:\/\/www.greenfactor.fr\/wp-content\/uploads\/2023\/10\/20220919_164806-1152x1536.jpg 1152w, https:\/\/www.greenfactor.fr\/wp-content\/uploads\/2023\/10\/20220919_164806-1536x2048.jpg 1536w, https:\/\/www.greenfactor.fr\/wp-content\/uploads\/2023\/10\/20220919_164806-1x1.jpg 1w, https:\/\/www.greenfactor.fr\/wp-content\/uploads\/2023\/10\/20220919_164806-scaled.jpg 1920w\" sizes=\"(max-width: 768px) 100vw, 768px\" \/><\/figure>\n\n\n\n<figure class=\"wp-block-image size-large\"><img decoding=\"async\" loading=\"lazy\" width=\"768\" height=\"1024\" data-id=\"351\" src=\"https:\/\/www.greenfactor.fr\/wp-content\/uploads\/2023\/10\/20221005_150122-768x1024.jpg\" alt=\"\" class=\"wp-image-351\" srcset=\"https:\/\/www.greenfactor.fr\/wp-content\/uploads\/2023\/10\/20221005_150122-768x1024.jpg 768w, https:\/\/www.greenfactor.fr\/wp-content\/uploads\/2023\/10\/20221005_150122-225x300.jpg 225w, https:\/\/www.greenfactor.fr\/wp-content\/uploads\/2023\/10\/20221005_150122-1152x1536.jpg 1152w, https:\/\/www.greenfactor.fr\/wp-content\/uploads\/2023\/10\/20221005_150122-1536x2048.jpg 1536w, https:\/\/www.greenfactor.fr\/wp-content\/uploads\/2023\/10\/20221005_150122-1x1.jpg 1w, https:\/\/www.greenfactor.fr\/wp-content\/uploads\/2023\/10\/20221005_150122-scaled.jpg 1920w\" sizes=\"(max-width: 768px) 100vw, 768px\" \/><\/figure>\n\n\n\n<figure class=\"wp-block-image size-large\"><img decoding=\"async\" loading=\"lazy\" width=\"768\" height=\"1024\" data-id=\"352\" src=\"https:\/\/www.greenfactor.fr\/wp-content\/uploads\/2023\/10\/20221005_165335-768x1024.jpg\" alt=\"\" class=\"wp-image-352\" srcset=\"https:\/\/www.greenfactor.fr\/wp-content\/uploads\/2023\/10\/20221005_165335-768x1024.jpg 768w, https:\/\/www.greenfactor.fr\/wp-content\/uploads\/2023\/10\/20221005_165335-225x300.jpg 225w, https:\/\/www.greenfactor.fr\/wp-content\/uploads\/2023\/10\/20221005_165335-1152x1536.jpg 1152w, https:\/\/www.greenfactor.fr\/wp-content\/uploads\/2023\/10\/20221005_165335-1536x2048.jpg 1536w, https:\/\/www.greenfactor.fr\/wp-content\/uploads\/2023\/10\/20221005_165335-1x1.jpg 1w, https:\/\/www.greenfactor.fr\/wp-content\/uploads\/2023\/10\/20221005_165335-scaled.jpg 1920w\" sizes=\"(max-width: 768px) 100vw, 768px\" \/><\/figure>\n\n\n\n<figure class=\"wp-block-image size-large\"><img decoding=\"async\" loading=\"lazy\" width=\"1024\" height=\"768\" data-id=\"354\" src=\"https:\/\/www.greenfactor.fr\/wp-content\/uploads\/2023\/10\/20230927_152738-1-1024x768.jpg\" alt=\"\" class=\"wp-image-354\" srcset=\"https:\/\/www.greenfactor.fr\/wp-content\/uploads\/2023\/10\/20230927_152738-1-1024x768.jpg 1024w, https:\/\/www.greenfactor.fr\/wp-content\/uploads\/2023\/10\/20230927_152738-1-300x225.jpg 300w, https:\/\/www.greenfactor.fr\/wp-content\/uploads\/2023\/10\/20230927_152738-1-768x576.jpg 768w, https:\/\/www.greenfactor.fr\/wp-content\/uploads\/2023\/10\/20230927_152738-1-1536x1152.jpg 1536w, https:\/\/www.greenfactor.fr\/wp-content\/uploads\/2023\/10\/20230927_152738-1-2048x1536.jpg 2048w, https:\/\/www.greenfactor.fr\/wp-content\/uploads\/2023\/10\/20230927_152738-1-1x1.jpg 1w\" sizes=\"(max-width: 1024px) 100vw, 1024px\" \/><\/figure>\n\n\n\n<figure class=\"wp-block-image size-large\"><img decoding=\"async\" loading=\"lazy\" width=\"1024\" height=\"768\" data-id=\"356\" src=\"https:\/\/www.greenfactor.fr\/wp-content\/uploads\/2023\/10\/20230927_152817-1-1024x768.jpg\" alt=\"\" class=\"wp-image-356\" srcset=\"https:\/\/www.greenfactor.fr\/wp-content\/uploads\/2023\/10\/20230927_152817-1-1024x768.jpg 1024w, https:\/\/www.greenfactor.fr\/wp-content\/uploads\/2023\/10\/20230927_152817-1-300x225.jpg 300w, https:\/\/www.greenfactor.fr\/wp-content\/uploads\/2023\/10\/20230927_152817-1-768x576.jpg 768w, https:\/\/www.greenfactor.fr\/wp-content\/uploads\/2023\/10\/20230927_152817-1-1536x1152.jpg 1536w, https:\/\/www.greenfactor.fr\/wp-content\/uploads\/2023\/10\/20230927_152817-1-2048x1536.jpg 2048w, https:\/\/www.greenfactor.fr\/wp-content\/uploads\/2023\/10\/20230927_152817-1-1x1.jpg 1w\" sizes=\"(max-width: 1024px) 100vw, 1024px\" \/><\/figure>\n\n\n\n<figure class=\"wp-block-image size-large\"><img decoding=\"async\" loading=\"lazy\" width=\"1024\" height=\"768\" data-id=\"357\" src=\"https:\/\/www.greenfactor.fr\/wp-content\/uploads\/2023\/10\/20230927_152838-1-1024x768.jpg\" alt=\"\" class=\"wp-image-357\" srcset=\"https:\/\/www.greenfactor.fr\/wp-content\/uploads\/2023\/10\/20230927_152838-1-1024x768.jpg 1024w, https:\/\/www.greenfactor.fr\/wp-content\/uploads\/2023\/10\/20230927_152838-1-300x225.jpg 300w, https:\/\/www.greenfactor.fr\/wp-content\/uploads\/2023\/10\/20230927_152838-1-768x576.jpg 768w, https:\/\/www.greenfactor.fr\/wp-content\/uploads\/2023\/10\/20230927_152838-1-1536x1152.jpg 1536w, https:\/\/www.greenfactor.fr\/wp-content\/uploads\/2023\/10\/20230927_152838-1-2048x1536.jpg 2048w, https:\/\/www.greenfactor.fr\/wp-content\/uploads\/2023\/10\/20230927_152838-1-1x1.jpg 1w\" sizes=\"(max-width: 1024px) 100vw, 1024px\" \/><\/figure>\n\n\n\n<figure class=\"wp-block-image size-large\"><img decoding=\"async\" loading=\"lazy\" width=\"1024\" height=\"768\" data-id=\"358\" src=\"https:\/\/www.greenfactor.fr\/wp-content\/uploads\/2023\/10\/20230927_152922-1-1024x768.jpg\" alt=\"\" class=\"wp-image-358\" srcset=\"https:\/\/www.greenfactor.fr\/wp-content\/uploads\/2023\/10\/20230927_152922-1-1024x768.jpg 1024w, https:\/\/www.greenfactor.fr\/wp-content\/uploads\/2023\/10\/20230927_152922-1-300x225.jpg 300w, https:\/\/www.greenfactor.fr\/wp-content\/uploads\/2023\/10\/20230927_152922-1-768x576.jpg 768w, https:\/\/www.greenfactor.fr\/wp-content\/uploads\/2023\/10\/20230927_152922-1-1536x1152.jpg 1536w, https:\/\/www.greenfactor.fr\/wp-content\/uploads\/2023\/10\/20230927_152922-1-2048x1536.jpg 2048w, https:\/\/www.greenfactor.fr\/wp-content\/uploads\/2023\/10\/20230927_152922-1-1x1.jpg 1w\" sizes=\"(max-width: 1024px) 100vw, 1024px\" \/><\/figure>\n\n\n\n<figure class=\"wp-block-image size-large\"><img decoding=\"async\" loading=\"lazy\" width=\"1024\" height=\"768\" data-id=\"359\" src=\"https:\/\/www.greenfactor.fr\/wp-content\/uploads\/2023\/10\/20230927_152923-1-1024x768.jpg\" alt=\"\" class=\"wp-image-359\" srcset=\"https:\/\/www.greenfactor.fr\/wp-content\/uploads\/2023\/10\/20230927_152923-1-1024x768.jpg 1024w, https:\/\/www.greenfactor.fr\/wp-content\/uploads\/2023\/10\/20230927_152923-1-300x225.jpg 300w, https:\/\/www.greenfactor.fr\/wp-content\/uploads\/2023\/10\/20230927_152923-1-768x576.jpg 768w, https:\/\/www.greenfactor.fr\/wp-content\/uploads\/2023\/10\/20230927_152923-1-1536x1152.jpg 1536w, https:\/\/www.greenfactor.fr\/wp-content\/uploads\/2023\/10\/20230927_152923-1-2048x1536.jpg 2048w, https:\/\/www.greenfactor.fr\/wp-content\/uploads\/2023\/10\/20230927_152923-1-1x1.jpg 1w\" sizes=\"(max-width: 1024px) 100vw, 1024px\" \/><\/figure>\n\n\n\n<figure class=\"wp-block-image size-large\"><img decoding=\"async\" loading=\"lazy\" width=\"1024\" height=\"768\" data-id=\"360\" src=\"https:\/\/www.greenfactor.fr\/wp-content\/uploads\/2023\/10\/20230927_152928-1-1024x768.jpg\" alt=\"\" class=\"wp-image-360\" srcset=\"https:\/\/www.greenfactor.fr\/wp-content\/uploads\/2023\/10\/20230927_152928-1-1024x768.jpg 1024w, https:\/\/www.greenfactor.fr\/wp-content\/uploads\/2023\/10\/20230927_152928-1-300x225.jpg 300w, https:\/\/www.greenfactor.fr\/wp-content\/uploads\/2023\/10\/20230927_152928-1-768x576.jpg 768w, https:\/\/www.greenfactor.fr\/wp-content\/uploads\/2023\/10\/20230927_152928-1-1536x1152.jpg 1536w, https:\/\/www.greenfactor.fr\/wp-content\/uploads\/2023\/10\/20230927_152928-1-2048x1536.jpg 2048w, https:\/\/www.greenfactor.fr\/wp-content\/uploads\/2023\/10\/20230927_152928-1-1x1.jpg 1w\" sizes=\"(max-width: 1024px) 100vw, 1024px\" \/><\/figure>\n\n\n\n<figure class=\"wp-block-image size-large\"><img decoding=\"async\" loading=\"lazy\" width=\"768\" height=\"1024\" data-id=\"361\" src=\"https:\/\/www.greenfactor.fr\/wp-content\/uploads\/2023\/10\/20231012_142054-768x1024.jpg\" alt=\"\" class=\"wp-image-361\" srcset=\"https:\/\/www.greenfactor.fr\/wp-content\/uploads\/2023\/10\/20231012_142054-768x1024.jpg 768w, https:\/\/www.greenfactor.fr\/wp-content\/uploads\/2023\/10\/20231012_142054-225x300.jpg 225w, https:\/\/www.greenfactor.fr\/wp-content\/uploads\/2023\/10\/20231012_142054-1152x1536.jpg 1152w, https:\/\/www.greenfactor.fr\/wp-content\/uploads\/2023\/10\/20231012_142054-1536x2048.jpg 1536w, https:\/\/www.greenfactor.fr\/wp-content\/uploads\/2023\/10\/20231012_142054-1x1.jpg 1w, https:\/\/www.greenfactor.fr\/wp-content\/uploads\/2023\/10\/20231012_142054-scaled.jpg 1920w\" sizes=\"(max-width: 768px) 100vw, 768px\" \/><\/figure>\n<\/figure>\n","protected":false},"excerpt":{"rendered":"<p>Nous comprenons que votre jardin est plus qu\u2019un simple espace ext\u00e9rieur. C\u2019est une extension de votre maison, un lieu o\u00f9 vous pouvez vous d\u00e9tendre, vous divertir et profiter de la beaut\u00e9 de la nature. C\u2019est pourquoi nous offrons un service d\u2019entretien de jardin haut de gamme, con\u00e7u pour garantir que votre jardin soit de plus [&hellip;]<\/p>\n","protected":false},"author":1,"featured_media":0,"parent":0,"menu_order":0,"comment_status":"closed","ping_status":"closed","template":"","meta":{"footnotes":""},"_links":{"self":[{"href":"https:\/\/www.greenfactor.fr\/index.php\/wp-json\/wp\/v2\/pages\/183"}],"collection":[{"href":"https:\/\/www.greenfactor.fr\/index.php\/wp-json\/wp\/v2\/pages"}],"about":[{"href":"https:\/\/www.greenfactor.fr\/index.php\/wp-json\/wp\/v2\/types\/page"}],"author":[{"embeddable":true,"href":"https:\/\/www.greenfactor.fr\/index.php\/wp-json\/wp\/v2\/users\/1"}],"replies":[{"embeddable":true,"href":"https:\/\/www.greenfactor.fr\/index.php\/wp-json\/wp\/v2\/comments?post=183"}],"version-history":[{"count":9,"href":"https:\/\/www.greenfactor.fr\/index.php\/wp-json\/wp\/v2\/pages\/183\/revisions"}],"predecessor-version":[{"id":424,"href":"https:\/\/www.greenfactor.fr\/index.php\/wp-json\/wp\/v2\/pages\/183\/revisions\/424"}],"wp:attachment":[{"href":"https:\/\/www.greenfactor.fr\/index.php\/wp-json\/wp\/v2\/media?parent=183"}],"curies":[{"name":"wp","href":"https:\/\/api.w.org\/{rel}","templated":true}]}}