{"id":196,"date":"2023-10-19T17:06:40","date_gmt":"2023-10-19T15:06:40","guid":{"rendered":"https:\/\/greenfactor.fr\/?page_id=196"},"modified":"2023-10-29T18:56:12","modified_gmt":"2023-10-29T17:56:12","slug":"elagage","status":"publish","type":"page","link":"https:\/\/www.greenfactor.fr\/index.php\/elagage\/","title":{"rendered":"\u00c9LAGAGE ET SOINS DES ARBRES"},"content":{"rendered":"\n<p style=\"font-size:22px;font-style:normal;font-weight:500\">L\u2019\u00e9lagage est une partie essentielle de l\u2019entretien des arbres et un service que nous prenons tr\u00e8s au s\u00e9rieux. Nos experts en \u00e9lagage sont form\u00e9s pour travailler avec tous les types d\u2019arbres, garantissant leur sant\u00e9 et leur beaut\u00e9 tout en assurant la s\u00e9curit\u00e9 de votre propri\u00e9t\u00e9.<\/p>\n\n\n\n<p style=\"font-size:22px;font-style:normal;font-weight:500\">L\u2019\u00e9lagage r\u00e9gulier est crucial pour pr\u00e9venir les maladies, promouvoir une croissance saine et maintenir la forme naturelle de vos arbres. Il peut \u00e9galement aider \u00e0 pr\u00e9venir les dommages caus\u00e9s par les branches tombantes ou les arbres malades.<\/p>\n\n\n\n<p style=\"font-size:22px;font-style:normal;font-weight:500\">Nous utilisons des techniques d\u2019\u00e9lagage respectueuses de l\u2019environnement qui minimisent le stress pour l\u2019arbre et favorisent une croissance saine. Nous prenons \u00e9galement en compte l\u2019esth\u00e9tique de votre jardin, en veillant \u00e0 ce que l\u2019\u00e9lagage am\u00e9liore l\u2019apparence g\u00e9n\u00e9rale de votre espace ext\u00e9rieur.<\/p>\n\n\n\n<p style=\"font-size:22px;font-style:normal;font-weight:500\">Que vous ayez besoin d\u2019un \u00e9lagage r\u00e9gulier ou d\u2019une intervention d\u2019urgence apr\u00e8s une temp\u00eate, vous pouvez compter sur&nbsp;<strong>Greenfactor<\/strong>&nbsp;pour fournir un service professionnel et fiable. <a href=\"https:\/\/greenfactor.fr\/index.php\/contact\/\" data-type=\"page\" data-id=\"67\">Contactez-nous<\/a> d\u00e8s aujourd\u2019hui pour en savoir plus sur nos services d\u2019\u00e9lagage.<\/p>\n\n\n\n<hr class=\"wp-block-separator has-alpha-channel-opacity\"\/>\n\n\n\n<figure class=\"wp-block-video\"><video controls muted poster=\"https:\/\/www.greenfactor.fr\/wp-content\/uploads\/2023\/10\/20220517_152717-scaled.jpg\" src=\"https:\/\/www.greenfactor.fr\/wp-content\/uploads\/2023\/10\/20220517_160934.mp4\"><\/video><\/figure>\n\n\n\n<figure class=\"wp-block-gallery has-nested-images columns-default is-cropped wp-block-gallery-1 is-layout-flex wp-block-gallery-is-layout-flex\">\n\n\n\n\n\n\n\n\n\n\n\n\n\n\n\n\n\n\n\n\n\n\n\n\n\n\n\n\n\n\n\n\n\n\n\n\n\n\n\n\n\n\n\n\n\n\n\n\n\n\n\n\n\n\n\n\n\n<\/figure>\n","protected":false},"excerpt":{"rendered":"<p>L\u2019\u00e9lagage est une partie essentielle de l\u2019entretien des arbres et un service que nous prenons tr\u00e8s au s\u00e9rieux. Nos experts en \u00e9lagage sont form\u00e9s pour travailler avec tous les types d\u2019arbres, garantissant leur sant\u00e9 et leur beaut\u00e9 tout en assurant la s\u00e9curit\u00e9 de votre propri\u00e9t\u00e9. L\u2019\u00e9lagage r\u00e9gulier est crucial pour pr\u00e9venir les maladies, promouvoir une [&hellip;]<\/p>\n","protected":false},"author":1,"featured_media":0,"parent":0,"menu_order":0,"comment_status":"closed","ping_status":"closed","template":"","meta":{"footnotes":""},"_links":{"self":[{"href":"https:\/\/www.greenfactor.fr\/index.php\/wp-json\/wp\/v2\/pages\/196"}],"collection":[{"href":"https:\/\/www.greenfactor.fr\/index.php\/wp-json\/wp\/v2\/pages"}],"about":[{"href":"https:\/\/www.greenfactor.fr\/index.php\/wp-json\/wp\/v2\/types\/page"}],"author":[{"embeddable":true,"href":"https:\/\/www.greenfactor.fr\/index.php\/wp-json\/wp\/v2\/users\/1"}],"replies":[{"embeddable":true,"href":"https:\/\/www.greenfactor.fr\/index.php\/wp-json\/wp\/v2\/comments?post=196"}],"version-history":[{"count":7,"href":"https:\/\/www.greenfactor.fr\/index.php\/wp-json\/wp\/v2\/pages\/196\/revisions"}],"predecessor-version":[{"id":464,"href":"https:\/\/www.greenfactor.fr\/index.php\/wp-json\/wp\/v2\/pages\/196\/revisions\/464"}],"wp:attachment":[{"href":"https:\/\/www.greenfactor.fr\/index.php\/wp-json\/wp\/v2\/media?parent=196"}],"curies":[{"name":"wp","href":"https:\/\/api.w.org\/{rel}","templated":true}]}}