{"id":27,"date":"2023-10-15T15:11:27","date_gmt":"2023-10-15T13:11:27","guid":{"rendered":"https:\/\/greenfactor.fr\/?page_id=27"},"modified":"2023-10-28T18:50:56","modified_gmt":"2023-10-28T16:50:56","slug":"home","status":"publish","type":"page","link":"https:\/\/www.greenfactor.fr\/","title":{"rendered":"ACCUEIL"},"content":{"rendered":"\n<figure class=\"wp-block-embed is-type-video is-provider-youtube wp-block-embed-youtube wp-embed-aspect-16-9 wp-has-aspect-ratio\"><div class=\"wp-block-embed__wrapper\">\n<iframe loading=\"lazy\" title=\"Sea view garden \/ 2018 - Greenfactor &amp; Pierre et jardins\" width=\"500\" height=\"281\" src=\"https:\/\/www.youtube.com\/embed\/pOw3zjoYlZM?feature=oembed\" frameborder=\"0\" allow=\"accelerometer; autoplay; clipboard-write; encrypted-media; gyroscope; picture-in-picture; web-share\" allowfullscreen><\/iframe>\n<\/div><\/figure>\n\n\n\n<p style=\"font-size:22px;font-style:normal;font-weight:500\">Greenfactor est une entreprise de paysagisme bas\u00e9e dans les Alpes-Maritimes , sp\u00e9cialis\u00e9e dans la cr\u00e9ation de jardins haut de gamme et respectueux de l\u2019environnement. Avec plus de 10 ans d\u2019exp\u00e9rience, nous sommes fiers de notre savoir-faire et de notre engagement envers l&rsquo;\u00e9cologie et la durabilit\u00e9..<\/p>\n\n\n\n<p style=\"font-size:22px;font-style:normal;font-weight:500\">Nous offrons un service complet de paysagisme, allant de la cr\u00e9ation de plans d\u00e9taill\u00e9s avec mod\u00e9lisation 3D \u00e0 la r\u00e9alisation compl\u00e8te du jardin. Notre \u00e9quipe d\u2019experts est capable de transformer n\u2019importe quel espace ext\u00e9rieur en un v\u00e9ritable havre de paix, qu\u2019il s\u2019agisse d\u2019un jardin tropical luxuriant en milieu urbain ou d\u2019un jardin m\u00e9diterran\u00e9en \u00e0 faible entretien.<\/p>\n\n\n\n<p style=\"font-size:22px;font-style:normal;font-weight:500\">Nous utilisons des mat\u00e9riaux respectueux de l\u2019environnement et des techniques de jardinage durables pour cr\u00e9er des jardins qui sont non seulement esth\u00e9tiques, mais aussi b\u00e9n\u00e9fiques pour l\u2019environnement.<\/p>\n\n\n\n<p style=\"font-size:22px;font-style:normal;font-weight:500\"> De plus, nous sommes experts dans la cr\u00e9ation de syst\u00e8mes d\u2019arrosage automatiques, garantissant \u00e0 votre jardin la bonne quantit\u00e9 d\u2019eau au bon moment.<\/p>\n\n\n\n<p style=\"font-size:22px;font-style:normal;font-weight:500\">Chez Greenfactor, nous croyons que chaque jardin est unique et m\u00e9rite une attention personnalis\u00e9e. C\u2019est pourquoi nous travaillons en \u00e9troite collaboration avec nos clients pour comprendre leurs besoins et leurs d\u00e9sirs, afin de cr\u00e9er un jardin qui refl\u00e8te leur style de vie et leurs valeurs.<\/p>\n\n\n\n<p style=\"font-size:22px;font-style:normal;font-weight:500\">Nous sommes impatients de vous aider \u00e0 r\u00e9aliser le jardin de vos r\u00eaves.<\/p>\n\n\n\n<hr class=\"wp-block-separator has-alpha-channel-opacity\"\/>\n\n\n\n<div style=\"height:91px\" aria-hidden=\"true\" class=\"wp-block-spacer\"><\/div>\n","protected":false},"excerpt":{"rendered":"<p>Greenfactor est une entreprise de paysagisme bas\u00e9e dans les Alpes-Maritimes , sp\u00e9cialis\u00e9e dans la cr\u00e9ation de jardins haut de gamme et respectueux de l\u2019environnement. Avec plus de 10 ans d\u2019exp\u00e9rience, nous sommes fiers de notre savoir-faire et de notre engagement envers l&rsquo;\u00e9cologie et la durabilit\u00e9.. Nous offrons un service complet de paysagisme, allant de la [&hellip;]<\/p>\n","protected":false},"author":1,"featured_media":0,"parent":0,"menu_order":0,"comment_status":"closed","ping_status":"closed","template":"","meta":{"footnotes":""},"_links":{"self":[{"href":"https:\/\/www.greenfactor.fr\/index.php\/wp-json\/wp\/v2\/pages\/27"}],"collection":[{"href":"https:\/\/www.greenfactor.fr\/index.php\/wp-json\/wp\/v2\/pages"}],"about":[{"href":"https:\/\/www.greenfactor.fr\/index.php\/wp-json\/wp\/v2\/types\/page"}],"author":[{"embeddable":true,"href":"https:\/\/www.greenfactor.fr\/index.php\/wp-json\/wp\/v2\/users\/1"}],"replies":[{"embeddable":true,"href":"https:\/\/www.greenfactor.fr\/index.php\/wp-json\/wp\/v2\/comments?post=27"}],"version-history":[{"count":16,"href":"https:\/\/www.greenfactor.fr\/index.php\/wp-json\/wp\/v2\/pages\/27\/revisions"}],"predecessor-version":[{"id":405,"href":"https:\/\/www.greenfactor.fr\/index.php\/wp-json\/wp\/v2\/pages\/27\/revisions\/405"}],"wp:attachment":[{"href":"https:\/\/www.greenfactor.fr\/index.php\/wp-json\/wp\/v2\/media?parent=27"}],"curies":[{"name":"wp","href":"https:\/\/api.w.org\/{rel}","templated":true}]}}