{"id":43,"date":"2023-10-15T15:41:03","date_gmt":"2023-10-15T13:41:03","guid":{"rendered":"https:\/\/greenfactor.fr\/?page_id=43"},"modified":"2023-10-28T18:57:11","modified_gmt":"2023-10-28T16:57:11","slug":"galerie","status":"publish","type":"page","link":"https:\/\/www.greenfactor.fr\/index.php\/galerie\/","title":{"rendered":"NOS R\u00c9ALISATIONS"},"content":{"rendered":"\n<p style=\"font-size:22px;font-style:normal;font-weight:500\">D\u00e9couvrez la magie de nos cr\u00e9ations \u00e0 travers notre portfolio de projets. <\/p>\n\n\n\n<p style=\"font-size:22px;font-style:normal;font-weight:500\">Chaque jardin que nous avons con\u00e7u est un t\u00e9moignage de notre passion pour le paysagisme, notre engagement envers la durabilit\u00e9 et notre d\u00e9vouement \u00e0 transformer les visions de nos clients en r\u00e9alit\u00e9. <\/p>\n\n\n\n<p style=\"font-size:22px;font-style:normal;font-weight:500\">De l\u2019ombre luxuriante des jardins tropicaux urbains \u00e0 la simplicit\u00e9 \u00e9l\u00e9gante des jardins m\u00e9diterran\u00e9ens \u00e0 faible entretien, nos r\u00e9alisations refl\u00e8tent la diversit\u00e9 de nos comp\u00e9tences et notre capacit\u00e9 \u00e0 cr\u00e9er des espaces ext\u00e9rieurs qui sont non seulement beaux, mais aussi respectueux de l\u2019environnement.<\/p>\n\n\n\n<p style=\"font-size:22px;font-style:normal;font-weight:500\"> Nous vous invitons \u00e0 explorer nos r\u00e9alisations et \u00e0 vous-en inspirer pour votre propre espace ext\u00e9rieur.<\/p>\n\n\n\n<hr class=\"wp-block-separator has-alpha-channel-opacity\"\/>\n\n\n\n<div class=\"wp-block-columns is-layout-flex wp-container-9 wp-block-columns-is-layout-flex\">\n<div class=\"wp-block-column is-vertically-aligned-bottom is-layout-flow wp-block-column-is-layout-flow\" style=\"flex-basis:100%\">\n<div class=\"wp-block-columns is-layout-flex wp-container-7 wp-block-columns-is-layout-flex\">\n<div class=\"wp-block-column is-layout-flow wp-block-column-is-layout-flow\">\n<div class=\"wp-block-buttons is-layout-flex wp-block-buttons-is-layout-flex\">\n<div class=\"wp-block-button\"><a class=\"wp-block-button__link wp-element-button\" href=\"https:\/\/greenfactor.fr\/index.php\/creation-de-plans-et-modelisation-3d\/\">CR\u00c9ATION DE PLANS ET MOD\u00c9LISATION 3D<\/a><\/div>\n<\/div>\n<\/div>\n\n\n\n<div class=\"wp-block-column is-layout-flow wp-block-column-is-layout-flow\">\n<div class=\"wp-block-buttons is-layout-flex wp-block-buttons-is-layout-flex\">\n<div class=\"wp-block-button\"><a class=\"wp-block-button__link wp-element-button\" href=\"https:\/\/greenfactor.fr\/index.php\/jardin-dombre\/\">CR\u00c9ATION DE JARDINS D&rsquo;OMBRE<\/a><\/div>\n<\/div>\n<\/div>\n\n\n\n<div class=\"wp-block-column is-layout-flow wp-block-column-is-layout-flow\">\n<div class=\"wp-block-buttons is-layout-flex wp-block-buttons-is-layout-flex\">\n<div class=\"wp-block-button\"><a class=\"wp-block-button__link wp-element-button\" href=\"https:\/\/greenfactor.fr\/index.php\/jardin-mediterreaneen\/\">CR\u00c9ATION DE JARDINS M\u00c9DITERRAN\u00c9ENS<\/a><\/div>\n<\/div>\n<\/div>\n<\/div>\n<\/div>\n<\/div>\n\n\n\n<div class=\"wp-block-columns is-layout-flex wp-container-14 wp-block-columns-is-layout-flex\">\n<div class=\"wp-block-column is-layout-flow wp-block-column-is-layout-flow\" style=\"flex-basis:50%\">\n<div class=\"wp-block-buttons alignwide is-content-justification-center is-layout-flex wp-container-10 wp-block-buttons-is-layout-flex\">\n<div class=\"wp-block-button\"><a class=\"wp-block-button__link wp-element-button\" href=\"https:\/\/greenfactor.fr\/index.php\/systemes-darrosage-automatiques\/\">CR\u00c9ATION DE SYST\u00c8MES D&rsquo;ARROSAGE AUTOMATIQUES<\/a><\/div>\n<\/div>\n<\/div>\n\n\n\n<div class=\"wp-block-column is-layout-flow wp-block-column-is-layout-flow\" style=\"flex-basis:50%\">\n<div class=\"wp-block-buttons is-content-justification-center is-layout-flex wp-container-12 wp-block-buttons-is-layout-flex\">\n<div class=\"wp-block-button\"><a class=\"wp-block-button__link wp-element-button\" href=\"https:\/\/greenfactor.fr\/index.php\/terrasses-et-abris-de-jardins\/\">CR\u00c9ATION DE TERRASSES ET D&rsquo;ABRIS DE JARDIN EN BOIS<\/a><\/div>\n<\/div>\n<\/div>\n<\/div>\n\n\n\n<div style=\"height:800px\" aria-hidden=\"true\" class=\"wp-block-spacer\"><\/div>\n\n\n\n<div style=\"height:404px\" aria-hidden=\"true\" class=\"wp-block-spacer\"><\/div>\n\n\n\n<div style=\"height:100px\" aria-hidden=\"true\" class=\"wp-block-spacer\"><\/div>\n","protected":false},"excerpt":{"rendered":"<p>D\u00e9couvrez la magie de nos cr\u00e9ations \u00e0 travers notre portfolio de projets. Chaque jardin que nous avons con\u00e7u est un t\u00e9moignage de notre passion pour le paysagisme, notre engagement envers la durabilit\u00e9 et notre d\u00e9vouement \u00e0 transformer les visions de nos clients en r\u00e9alit\u00e9. De l\u2019ombre luxuriante des jardins tropicaux urbains \u00e0 la simplicit\u00e9 \u00e9l\u00e9gante [&hellip;]<\/p>\n","protected":false},"author":1,"featured_media":0,"parent":0,"menu_order":0,"comment_status":"closed","ping_status":"closed","template":"","meta":{"footnotes":""},"_links":{"self":[{"href":"https:\/\/www.greenfactor.fr\/index.php\/wp-json\/wp\/v2\/pages\/43"}],"collection":[{"href":"https:\/\/www.greenfactor.fr\/index.php\/wp-json\/wp\/v2\/pages"}],"about":[{"href":"https:\/\/www.greenfactor.fr\/index.php\/wp-json\/wp\/v2\/types\/page"}],"author":[{"embeddable":true,"href":"https:\/\/www.greenfactor.fr\/index.php\/wp-json\/wp\/v2\/users\/1"}],"replies":[{"embeddable":true,"href":"https:\/\/www.greenfactor.fr\/index.php\/wp-json\/wp\/v2\/comments?post=43"}],"version-history":[{"count":27,"href":"https:\/\/www.greenfactor.fr\/index.php\/wp-json\/wp\/v2\/pages\/43\/revisions"}],"predecessor-version":[{"id":418,"href":"https:\/\/www.greenfactor.fr\/index.php\/wp-json\/wp\/v2\/pages\/43\/revisions\/418"}],"wp:attachment":[{"href":"https:\/\/www.greenfactor.fr\/index.php\/wp-json\/wp\/v2\/media?parent=43"}],"curies":[{"name":"wp","href":"https:\/\/api.w.org\/{rel}","templated":true}]}}