{"id":73,"date":"2023-10-15T16:23:35","date_gmt":"2023-10-15T14:23:35","guid":{"rendered":"https:\/\/greenfactor.fr\/?page_id=73"},"modified":"2023-10-28T18:55:30","modified_gmt":"2023-10-28T16:55:30","slug":"jardin-dombre","status":"publish","type":"page","link":"https:\/\/www.greenfactor.fr\/index.php\/jardin-dombre\/","title":{"rendered":"JARDINS D&rsquo;OMBRE"},"content":{"rendered":"\n<p style=\"font-size:22px;font-style:normal;font-weight:500\">Un havre de paix tropical en plein c\u0153ur de la ville?<\/p>\n\n\n\n<p style=\"font-size:22px;font-style:normal;font-weight:500\">Nous avons l\u2019expertise pour transformer m\u00eame les espaces urbains les plus restreints en un jardin tropical luxuriant.<\/p>\n\n\n\n<p style=\"font-size:22px;font-style:normal;font-weight:500\"> Nous utilisons une vari\u00e9t\u00e9 de plantes tropicales qui prosp\u00e8rent \u00e0 l\u2019ombre pour cr\u00e9er un paysage verdoyant et luxuriant qui offre une \u00e9vasion parfaite de l\u2019agitation de la vie urbaine. Des foug\u00e8res arborescentes aux palmiers exotiques, chaque plante est soigneusement s\u00e9lectionn\u00e9e pour sa beaut\u00e9 et sa durabilit\u00e9. Nous int\u00e9grons \u00e9galement des \u00e9l\u00e9ments d\u2019eau comme des bassins et des fontaines .<\/p>\n\n\n\n<p style=\"font-size:22px;font-style:normal;font-weight:500\">Le r\u00e9sultat est un jardin d\u2019ombre tropical qui est non seulement un plaisir pour les yeux, mais aussi un endroit privil\u00e9gi\u00e9 pour la d\u00e9tente et la contemplation.<\/p>\n\n\n\n<hr class=\"wp-block-separator has-alpha-channel-opacity\"\/>\n\n\n\n<figure class=\"wp-block-video\"><video autoplay controls poster=\"https:\/\/greenfactor.fr\/wp-content\/uploads\/2023\/10\/20220904_152558-scaled.jpg\" preload=\"auto\" src=\"https:\/\/greenfactor.fr\/wp-content\/uploads\/2023\/10\/clinique-Kantys-video-densemble.mp4\"><\/video><\/figure>\n\n\n\n<figure class=\"wp-block-gallery has-nested-images columns-default is-cropped wp-block-gallery-1 is-layout-flex wp-block-gallery-is-layout-flex\">\n<figure class=\"wp-block-image size-large\"><a href=\"https:\/\/greenfactor.fr\/wp-content\/uploads\/2023\/10\/vue-centrale-jardin-nice-paysage-scaled.jpg\" target=\"_blank\" rel=\"noopener\"><img decoding=\"async\" loading=\"lazy\" width=\"1024\" height=\"576\" data-id=\"37\" src=\"https:\/\/www.greenfactor.fr\/wp-content\/uploads\/2023\/10\/vue-centrale-jardin-nice-paysage-1024x576.jpg\" alt=\"\" class=\"wp-image-37\" srcset=\"https:\/\/www.greenfactor.fr\/wp-content\/uploads\/2023\/10\/vue-centrale-jardin-nice-paysage-1024x576.jpg 1024w, https:\/\/www.greenfactor.fr\/wp-content\/uploads\/2023\/10\/vue-centrale-jardin-nice-paysage-300x169.jpg 300w, https:\/\/www.greenfactor.fr\/wp-content\/uploads\/2023\/10\/vue-centrale-jardin-nice-paysage-768x432.jpg 768w, https:\/\/www.greenfactor.fr\/wp-content\/uploads\/2023\/10\/vue-centrale-jardin-nice-paysage-1536x864.jpg 1536w, https:\/\/www.greenfactor.fr\/wp-content\/uploads\/2023\/10\/vue-centrale-jardin-nice-paysage-2048x1152.jpg 2048w, https:\/\/www.greenfactor.fr\/wp-content\/uploads\/2023\/10\/vue-centrale-jardin-nice-paysage-1x1.jpg 1w\" sizes=\"(max-width: 1024px) 100vw, 1024px\" \/><\/a><\/figure>\n\n\n\n<figure class=\"wp-block-image size-large\"><a href=\"https:\/\/greenfactor.fr\/wp-content\/uploads\/2023\/10\/20220904_152629-scaled.jpg\" target=\"_blank\" rel=\"noopener\"><img decoding=\"async\" loading=\"lazy\" width=\"1024\" height=\"1024\" data-id=\"54\" src=\"https:\/\/www.greenfactor.fr\/wp-content\/uploads\/2023\/10\/20220904_152629-1024x1024.jpg\" alt=\"\" class=\"wp-image-54\" srcset=\"https:\/\/www.greenfactor.fr\/wp-content\/uploads\/2023\/10\/20220904_152629-1024x1024.jpg 1024w, https:\/\/www.greenfactor.fr\/wp-content\/uploads\/2023\/10\/20220904_152629-300x300.jpg 300w, https:\/\/www.greenfactor.fr\/wp-content\/uploads\/2023\/10\/20220904_152629-150x150.jpg 150w, https:\/\/www.greenfactor.fr\/wp-content\/uploads\/2023\/10\/20220904_152629-768x768.jpg 768w, https:\/\/www.greenfactor.fr\/wp-content\/uploads\/2023\/10\/20220904_152629-1536x1536.jpg 1536w, https:\/\/www.greenfactor.fr\/wp-content\/uploads\/2023\/10\/20220904_152629-2048x2048.jpg 2048w, https:\/\/www.greenfactor.fr\/wp-content\/uploads\/2023\/10\/20220904_152629-1x1.jpg 1w\" sizes=\"(max-width: 1024px) 100vw, 1024px\" \/><\/a><\/figure>\n\n\n\n<figure class=\"wp-block-image size-large\"><a href=\"https:\/\/greenfactor.fr\/wp-content\/uploads\/2023\/10\/20220904_152558-scaled.jpg\" target=\"_blank\" rel=\"noopener\"><img decoding=\"async\" loading=\"lazy\" width=\"1024\" height=\"1024\" data-id=\"53\" src=\"https:\/\/www.greenfactor.fr\/wp-content\/uploads\/2023\/10\/20220904_152558-1024x1024.jpg\" alt=\"\" class=\"wp-image-53\" srcset=\"https:\/\/www.greenfactor.fr\/wp-content\/uploads\/2023\/10\/20220904_152558-1024x1024.jpg 1024w, https:\/\/www.greenfactor.fr\/wp-content\/uploads\/2023\/10\/20220904_152558-300x300.jpg 300w, https:\/\/www.greenfactor.fr\/wp-content\/uploads\/2023\/10\/20220904_152558-150x150.jpg 150w, https:\/\/www.greenfactor.fr\/wp-content\/uploads\/2023\/10\/20220904_152558-768x768.jpg 768w, https:\/\/www.greenfactor.fr\/wp-content\/uploads\/2023\/10\/20220904_152558-1536x1536.jpg 1536w, https:\/\/www.greenfactor.fr\/wp-content\/uploads\/2023\/10\/20220904_152558-2048x2048.jpg 2048w, https:\/\/www.greenfactor.fr\/wp-content\/uploads\/2023\/10\/20220904_152558-1x1.jpg 1w\" sizes=\"(max-width: 1024px) 100vw, 1024px\" \/><\/a><\/figure>\n\n\n\n<figure class=\"wp-block-image size-large\"><a href=\"https:\/\/greenfactor.fr\/wp-content\/uploads\/2023\/10\/20220904_152654-scaled.jpg\" target=\"_blank\" rel=\"noopener\"><img decoding=\"async\" loading=\"lazy\" width=\"1024\" height=\"1024\" data-id=\"55\" src=\"https:\/\/www.greenfactor.fr\/wp-content\/uploads\/2023\/10\/20220904_152654-1024x1024.jpg\" alt=\"\" class=\"wp-image-55\" srcset=\"https:\/\/www.greenfactor.fr\/wp-content\/uploads\/2023\/10\/20220904_152654-1024x1024.jpg 1024w, https:\/\/www.greenfactor.fr\/wp-content\/uploads\/2023\/10\/20220904_152654-300x300.jpg 300w, https:\/\/www.greenfactor.fr\/wp-content\/uploads\/2023\/10\/20220904_152654-150x150.jpg 150w, https:\/\/www.greenfactor.fr\/wp-content\/uploads\/2023\/10\/20220904_152654-768x768.jpg 768w, https:\/\/www.greenfactor.fr\/wp-content\/uploads\/2023\/10\/20220904_152654-1536x1536.jpg 1536w, https:\/\/www.greenfactor.fr\/wp-content\/uploads\/2023\/10\/20220904_152654-2048x2048.jpg 2048w, https:\/\/www.greenfactor.fr\/wp-content\/uploads\/2023\/10\/20220904_152654-1x1.jpg 1w\" sizes=\"(max-width: 1024px) 100vw, 1024px\" \/><\/a><\/figure>\n\n\n\n<figure class=\"wp-block-image size-large\"><a href=\"https:\/\/greenfactor.fr\/wp-content\/uploads\/2023\/10\/contemplation-roebellini-portrait-scaled.jpg\" target=\"_blank\" rel=\"noopener\"><img decoding=\"async\" loading=\"lazy\" width=\"1024\" height=\"1024\" data-id=\"39\" src=\"https:\/\/www.greenfactor.fr\/wp-content\/uploads\/2023\/10\/contemplation-roebellini-portrait-1024x1024.jpg\" alt=\"\" class=\"wp-image-39\" srcset=\"https:\/\/www.greenfactor.fr\/wp-content\/uploads\/2023\/10\/contemplation-roebellini-portrait-1024x1024.jpg 1024w, https:\/\/www.greenfactor.fr\/wp-content\/uploads\/2023\/10\/contemplation-roebellini-portrait-300x300.jpg 300w, https:\/\/www.greenfactor.fr\/wp-content\/uploads\/2023\/10\/contemplation-roebellini-portrait-150x150.jpg 150w, https:\/\/www.greenfactor.fr\/wp-content\/uploads\/2023\/10\/contemplation-roebellini-portrait-768x768.jpg 768w, https:\/\/www.greenfactor.fr\/wp-content\/uploads\/2023\/10\/contemplation-roebellini-portrait-1536x1536.jpg 1536w, https:\/\/www.greenfactor.fr\/wp-content\/uploads\/2023\/10\/contemplation-roebellini-portrait-2048x2048.jpg 2048w, https:\/\/www.greenfactor.fr\/wp-content\/uploads\/2023\/10\/contemplation-roebellini-portrait-1x1.jpg 1w\" sizes=\"(max-width: 1024px) 100vw, 1024px\" \/><\/a><\/figure>\n\n\n\n<figure class=\"wp-block-image size-large\"><a href=\"https:\/\/greenfactor.fr\/wp-content\/uploads\/2023\/10\/20220904_152550-scaled.jpg\" target=\"_blank\" rel=\"noopener\"><img decoding=\"async\" loading=\"lazy\" width=\"1024\" height=\"1024\" data-id=\"52\" src=\"https:\/\/www.greenfactor.fr\/wp-content\/uploads\/2023\/10\/20220904_152550-1024x1024.jpg\" alt=\"\" class=\"wp-image-52\" srcset=\"https:\/\/www.greenfactor.fr\/wp-content\/uploads\/2023\/10\/20220904_152550-1024x1024.jpg 1024w, https:\/\/www.greenfactor.fr\/wp-content\/uploads\/2023\/10\/20220904_152550-300x300.jpg 300w, https:\/\/www.greenfactor.fr\/wp-content\/uploads\/2023\/10\/20220904_152550-150x150.jpg 150w, https:\/\/www.greenfactor.fr\/wp-content\/uploads\/2023\/10\/20220904_152550-768x768.jpg 768w, https:\/\/www.greenfactor.fr\/wp-content\/uploads\/2023\/10\/20220904_152550-1536x1536.jpg 1536w, https:\/\/www.greenfactor.fr\/wp-content\/uploads\/2023\/10\/20220904_152550-2048x2048.jpg 2048w, https:\/\/www.greenfactor.fr\/wp-content\/uploads\/2023\/10\/20220904_152550-1x1.jpg 1w\" sizes=\"(max-width: 1024px) 100vw, 1024px\" \/><\/a><\/figure>\n\n\n\n<figure class=\"wp-block-image size-large\"><a href=\"https:\/\/greenfactor.fr\/wp-content\/uploads\/2023\/10\/20220829_144445-scaled.jpg\" target=\"_blank\" rel=\"noopener\"><img decoding=\"async\" loading=\"lazy\" width=\"1024\" height=\"1024\" data-id=\"51\" src=\"https:\/\/www.greenfactor.fr\/wp-content\/uploads\/2023\/10\/20220829_144445-1024x1024.jpg\" alt=\"\" class=\"wp-image-51\" srcset=\"https:\/\/www.greenfactor.fr\/wp-content\/uploads\/2023\/10\/20220829_144445-1024x1024.jpg 1024w, https:\/\/www.greenfactor.fr\/wp-content\/uploads\/2023\/10\/20220829_144445-300x300.jpg 300w, https:\/\/www.greenfactor.fr\/wp-content\/uploads\/2023\/10\/20220829_144445-150x150.jpg 150w, https:\/\/www.greenfactor.fr\/wp-content\/uploads\/2023\/10\/20220829_144445-768x768.jpg 768w, https:\/\/www.greenfactor.fr\/wp-content\/uploads\/2023\/10\/20220829_144445-1536x1536.jpg 1536w, https:\/\/www.greenfactor.fr\/wp-content\/uploads\/2023\/10\/20220829_144445-2048x2048.jpg 2048w, https:\/\/www.greenfactor.fr\/wp-content\/uploads\/2023\/10\/20220829_144445-1x1.jpg 1w\" sizes=\"(max-width: 1024px) 100vw, 1024px\" \/><\/a><\/figure>\n\n\n\n<figure class=\"wp-block-image size-large\"><a href=\"https:\/\/greenfactor.fr\/wp-content\/uploads\/2023\/10\/20220825_160517-scaled.jpg\" target=\"_blank\" rel=\"noopener\"><img decoding=\"async\" loading=\"lazy\" width=\"1024\" height=\"577\" data-id=\"50\" src=\"https:\/\/www.greenfactor.fr\/wp-content\/uploads\/2023\/10\/20220825_160517-1024x577.jpg\" alt=\"\" class=\"wp-image-50\" srcset=\"https:\/\/www.greenfactor.fr\/wp-content\/uploads\/2023\/10\/20220825_160517-1024x577.jpg 1024w, https:\/\/www.greenfactor.fr\/wp-content\/uploads\/2023\/10\/20220825_160517-300x169.jpg 300w, https:\/\/www.greenfactor.fr\/wp-content\/uploads\/2023\/10\/20220825_160517-768x432.jpg 768w, https:\/\/www.greenfactor.fr\/wp-content\/uploads\/2023\/10\/20220825_160517-1536x865.jpg 1536w, https:\/\/www.greenfactor.fr\/wp-content\/uploads\/2023\/10\/20220825_160517-2048x1153.jpg 2048w, https:\/\/www.greenfactor.fr\/wp-content\/uploads\/2023\/10\/20220825_160517-1x1.jpg 1w\" sizes=\"(max-width: 1024px) 100vw, 1024px\" \/><\/a><\/figure>\n\n\n\n<figure class=\"wp-block-image size-large\"><a href=\"https:\/\/greenfactor.fr\/wp-content\/uploads\/2023\/10\/20220829_144423-scaled.jpg\" target=\"_blank\" rel=\"noopener\"><img decoding=\"async\" loading=\"lazy\" width=\"1024\" height=\"1024\" data-id=\"49\" src=\"https:\/\/www.greenfactor.fr\/wp-content\/uploads\/2023\/10\/20220829_144423-1024x1024.jpg\" alt=\"\" class=\"wp-image-49\" srcset=\"https:\/\/www.greenfactor.fr\/wp-content\/uploads\/2023\/10\/20220829_144423-1024x1024.jpg 1024w, https:\/\/www.greenfactor.fr\/wp-content\/uploads\/2023\/10\/20220829_144423-300x300.jpg 300w, https:\/\/www.greenfactor.fr\/wp-content\/uploads\/2023\/10\/20220829_144423-150x150.jpg 150w, https:\/\/www.greenfactor.fr\/wp-content\/uploads\/2023\/10\/20220829_144423-768x768.jpg 768w, https:\/\/www.greenfactor.fr\/wp-content\/uploads\/2023\/10\/20220829_144423-1536x1536.jpg 1536w, https:\/\/www.greenfactor.fr\/wp-content\/uploads\/2023\/10\/20220829_144423-2048x2048.jpg 2048w, https:\/\/www.greenfactor.fr\/wp-content\/uploads\/2023\/10\/20220829_144423-1x1.jpg 1w\" sizes=\"(max-width: 1024px) 100vw, 1024px\" \/><\/a><\/figure>\n\n\n\n<figure class=\"wp-block-image size-large\"><a href=\"https:\/\/greenfactor.fr\/wp-content\/uploads\/2023\/10\/20220829_144404-scaled.jpg\" target=\"_blank\" rel=\"noopener\"><img decoding=\"async\" loading=\"lazy\" width=\"1024\" height=\"1024\" data-id=\"48\" src=\"https:\/\/www.greenfactor.fr\/wp-content\/uploads\/2023\/10\/20220829_144404-1024x1024.jpg\" alt=\"\" class=\"wp-image-48\" srcset=\"https:\/\/www.greenfactor.fr\/wp-content\/uploads\/2023\/10\/20220829_144404-1024x1024.jpg 1024w, https:\/\/www.greenfactor.fr\/wp-content\/uploads\/2023\/10\/20220829_144404-300x300.jpg 300w, https:\/\/www.greenfactor.fr\/wp-content\/uploads\/2023\/10\/20220829_144404-150x150.jpg 150w, https:\/\/www.greenfactor.fr\/wp-content\/uploads\/2023\/10\/20220829_144404-768x768.jpg 768w, https:\/\/www.greenfactor.fr\/wp-content\/uploads\/2023\/10\/20220829_144404-1536x1536.jpg 1536w, https:\/\/www.greenfactor.fr\/wp-content\/uploads\/2023\/10\/20220829_144404-2048x2048.jpg 2048w, https:\/\/www.greenfactor.fr\/wp-content\/uploads\/2023\/10\/20220829_144404-1x1.jpg 1w\" sizes=\"(max-width: 1024px) 100vw, 1024px\" \/><\/a><\/figure>\n\n\n\n<figure class=\"wp-block-image size-large\"><a href=\"https:\/\/greenfactor.fr\/wp-content\/uploads\/2023\/10\/20220825_160346-scaled.jpg\" target=\"_blank\" rel=\"noopener\"><img decoding=\"async\" loading=\"lazy\" width=\"1024\" height=\"577\" data-id=\"47\" src=\"https:\/\/www.greenfactor.fr\/wp-content\/uploads\/2023\/10\/20220825_160346-1024x577.jpg\" alt=\"\" class=\"wp-image-47\" srcset=\"https:\/\/www.greenfactor.fr\/wp-content\/uploads\/2023\/10\/20220825_160346-1024x577.jpg 1024w, https:\/\/www.greenfactor.fr\/wp-content\/uploads\/2023\/10\/20220825_160346-300x169.jpg 300w, https:\/\/www.greenfactor.fr\/wp-content\/uploads\/2023\/10\/20220825_160346-768x433.jpg 768w, https:\/\/www.greenfactor.fr\/wp-content\/uploads\/2023\/10\/20220825_160346-1536x865.jpg 1536w, https:\/\/www.greenfactor.fr\/wp-content\/uploads\/2023\/10\/20220825_160346-2048x1153.jpg 2048w, https:\/\/www.greenfactor.fr\/wp-content\/uploads\/2023\/10\/20220825_160346-1x1.jpg 1w\" sizes=\"(max-width: 1024px) 100vw, 1024px\" \/><\/a><\/figure>\n<\/figure>\n","protected":false},"excerpt":{"rendered":"<p>Un havre de paix tropical en plein c\u0153ur de la ville? Nous avons l\u2019expertise pour transformer m\u00eame les espaces urbains les plus restreints en un jardin tropical luxuriant. Nous utilisons une vari\u00e9t\u00e9 de plantes tropicales qui prosp\u00e8rent \u00e0 l\u2019ombre pour cr\u00e9er un paysage verdoyant et luxuriant qui offre une \u00e9vasion parfaite de l\u2019agitation de la [&hellip;]<\/p>\n","protected":false},"author":1,"featured_media":0,"parent":0,"menu_order":0,"comment_status":"closed","ping_status":"closed","template":"","meta":{"footnotes":""},"_links":{"self":[{"href":"https:\/\/www.greenfactor.fr\/index.php\/wp-json\/wp\/v2\/pages\/73"}],"collection":[{"href":"https:\/\/www.greenfactor.fr\/index.php\/wp-json\/wp\/v2\/pages"}],"about":[{"href":"https:\/\/www.greenfactor.fr\/index.php\/wp-json\/wp\/v2\/types\/page"}],"author":[{"embeddable":true,"href":"https:\/\/www.greenfactor.fr\/index.php\/wp-json\/wp\/v2\/users\/1"}],"replies":[{"embeddable":true,"href":"https:\/\/www.greenfactor.fr\/index.php\/wp-json\/wp\/v2\/comments?post=73"}],"version-history":[{"count":18,"href":"https:\/\/www.greenfactor.fr\/index.php\/wp-json\/wp\/v2\/pages\/73\/revisions"}],"predecessor-version":[{"id":415,"href":"https:\/\/www.greenfactor.fr\/index.php\/wp-json\/wp\/v2\/pages\/73\/revisions\/415"}],"wp:attachment":[{"href":"https:\/\/www.greenfactor.fr\/index.php\/wp-json\/wp\/v2\/media?parent=73"}],"curies":[{"name":"wp","href":"https:\/\/api.w.org\/{rel}","templated":true}]}}