{"id":75,"date":"2023-10-15T16:24:06","date_gmt":"2023-10-15T14:24:06","guid":{"rendered":"https:\/\/greenfactor.fr\/?page_id=75"},"modified":"2023-10-28T18:58:40","modified_gmt":"2023-10-28T16:58:40","slug":"terrasses-et-abris-de-jardins","status":"publish","type":"page","link":"https:\/\/www.greenfactor.fr\/index.php\/terrasses-et-abris-de-jardins\/","title":{"rendered":"TERRASSES ET ABRIS DE JARDINS"},"content":{"rendered":"\n<p style=\"font-size:22px\">Nous cr\u00e9ons des terrasses en bois sur mesure, con\u00e7ues pour \u00eatre un prolongement naturel de votre maison. Le bois offre une esth\u00e9tique chaleureuse et naturelle qui s\u2019int\u00e8gre parfaitement \u00e0 tout jardin. Nos terrasses sont construites pour r\u00e9sister aux \u00e9l\u00e9ments et offrir un espace confortable pour se d\u00e9tendre et se divertir.<\/p>\n\n\n\n<p style=\"font-size:22px\">Nos abris de jardin en bois sont plus qu\u2019un simple espace de rangement. Ils sont con\u00e7us pour s\u2019int\u00e9grer harmonieusement \u00e0 votre jardin, offrant un espace suppl\u00e9mentaire pour la d\u00e9tente ou le rangement. Chaque abri est construit avec le m\u00eame souci du d\u00e9tail et du respect de l\u2019environnement que tous nos autres services.<\/p>\n\n\n\n<p style=\"font-size:22px\"><a href=\"https:\/\/greenfactor.fr\/index.php\/contact\/\" data-type=\"page\" data-id=\"67\">Contactez\u00a0<strong>Greenfactor<\/strong><\/a>\u00a0pour d\u00e9couvrir comment nos terrasses et abris de jardin en bois peuvent am\u00e9liorer votre espace ext\u00e9rieur.<\/p>\n\n\n\n<hr class=\"wp-block-separator has-alpha-channel-opacity\"\/>\n\n\n\n<figure class=\"wp-block-image size-large\"><img decoding=\"async\" loading=\"lazy\" width=\"1024\" height=\"768\" src=\"https:\/\/www.greenfactor.fr\/wp-content\/uploads\/2023\/10\/20190919_164319-1024x768.jpg\" alt=\"\" class=\"wp-image-363\" srcset=\"https:\/\/www.greenfactor.fr\/wp-content\/uploads\/2023\/10\/20190919_164319-1024x768.jpg 1024w, https:\/\/www.greenfactor.fr\/wp-content\/uploads\/2023\/10\/20190919_164319-300x225.jpg 300w, https:\/\/www.greenfactor.fr\/wp-content\/uploads\/2023\/10\/20190919_164319-768x576.jpg 768w, https:\/\/www.greenfactor.fr\/wp-content\/uploads\/2023\/10\/20190919_164319-1536x1152.jpg 1536w, https:\/\/www.greenfactor.fr\/wp-content\/uploads\/2023\/10\/20190919_164319-2048x1536.jpg 2048w, https:\/\/www.greenfactor.fr\/wp-content\/uploads\/2023\/10\/20190919_164319-1x1.jpg 1w\" sizes=\"(max-width: 1024px) 100vw, 1024px\" \/><\/figure>\n\n\n\n<figure class=\"wp-block-gallery has-nested-images columns-default is-cropped wp-block-gallery-1 is-layout-flex wp-block-gallery-is-layout-flex\">\n<figure class=\"wp-block-image size-large\"><a href=\"https:\/\/www.greenfactor.fr\/wp-content\/uploads\/2023\/10\/20191104_165455-1-scaled.jpg\" target=\"_blank\" rel=\"noopener\"><img decoding=\"async\" loading=\"lazy\" width=\"768\" height=\"1024\" data-id=\"311\" src=\"https:\/\/www.greenfactor.fr\/wp-content\/uploads\/2023\/10\/20191104_165455-1-768x1024.jpg\" alt=\"\" class=\"wp-image-311\" srcset=\"https:\/\/www.greenfactor.fr\/wp-content\/uploads\/2023\/10\/20191104_165455-1-768x1024.jpg 768w, https:\/\/www.greenfactor.fr\/wp-content\/uploads\/2023\/10\/20191104_165455-1-225x300.jpg 225w, https:\/\/www.greenfactor.fr\/wp-content\/uploads\/2023\/10\/20191104_165455-1-1152x1536.jpg 1152w, https:\/\/www.greenfactor.fr\/wp-content\/uploads\/2023\/10\/20191104_165455-1-1536x2048.jpg 1536w, https:\/\/www.greenfactor.fr\/wp-content\/uploads\/2023\/10\/20191104_165455-1-1x1.jpg 1w, https:\/\/www.greenfactor.fr\/wp-content\/uploads\/2023\/10\/20191104_165455-1-scaled.jpg 1920w\" sizes=\"(max-width: 768px) 100vw, 768px\" \/><\/a><\/figure>\n\n\n\n<figure class=\"wp-block-image size-large\"><img decoding=\"async\" loading=\"lazy\" width=\"768\" height=\"1024\" data-id=\"317\" src=\"https:\/\/www.greenfactor.fr\/wp-content\/uploads\/2023\/10\/20200130_142806-768x1024.jpg\" alt=\"\" class=\"wp-image-317\" srcset=\"https:\/\/www.greenfactor.fr\/wp-content\/uploads\/2023\/10\/20200130_142806-768x1024.jpg 768w, https:\/\/www.greenfactor.fr\/wp-content\/uploads\/2023\/10\/20200130_142806-225x300.jpg 225w, https:\/\/www.greenfactor.fr\/wp-content\/uploads\/2023\/10\/20200130_142806-1152x1536.jpg 1152w, https:\/\/www.greenfactor.fr\/wp-content\/uploads\/2023\/10\/20200130_142806-1536x2048.jpg 1536w, https:\/\/www.greenfactor.fr\/wp-content\/uploads\/2023\/10\/20200130_142806-1x1.jpg 1w, https:\/\/www.greenfactor.fr\/wp-content\/uploads\/2023\/10\/20200130_142806-scaled.jpg 1920w\" sizes=\"(max-width: 768px) 100vw, 768px\" \/><\/figure>\n\n\n\n<figure class=\"wp-block-image size-large\"><img decoding=\"async\" loading=\"lazy\" width=\"1024\" height=\"768\" data-id=\"364\" src=\"https:\/\/www.greenfactor.fr\/wp-content\/uploads\/2023\/10\/20200323_173602-1-1024x768.jpg\" alt=\"\" class=\"wp-image-364\" srcset=\"https:\/\/www.greenfactor.fr\/wp-content\/uploads\/2023\/10\/20200323_173602-1-1024x768.jpg 1024w, https:\/\/www.greenfactor.fr\/wp-content\/uploads\/2023\/10\/20200323_173602-1-300x225.jpg 300w, https:\/\/www.greenfactor.fr\/wp-content\/uploads\/2023\/10\/20200323_173602-1-768x576.jpg 768w, https:\/\/www.greenfactor.fr\/wp-content\/uploads\/2023\/10\/20200323_173602-1-1536x1152.jpg 1536w, https:\/\/www.greenfactor.fr\/wp-content\/uploads\/2023\/10\/20200323_173602-1-2048x1536.jpg 2048w, https:\/\/www.greenfactor.fr\/wp-content\/uploads\/2023\/10\/20200323_173602-1-1x1.jpg 1w\" sizes=\"(max-width: 1024px) 100vw, 1024px\" \/><\/figure>\n\n\n\n<figure class=\"wp-block-image size-large\"><a href=\"https:\/\/www.greenfactor.fr\/wp-content\/uploads\/2023\/10\/20200323_172847-scaled.jpg\" target=\"_blank\" rel=\"noopener\"><img decoding=\"async\" loading=\"lazy\" width=\"1024\" height=\"768\" data-id=\"313\" src=\"https:\/\/www.greenfactor.fr\/wp-content\/uploads\/2023\/10\/20200323_172847-1024x768.jpg\" alt=\"\" class=\"wp-image-313\" srcset=\"https:\/\/www.greenfactor.fr\/wp-content\/uploads\/2023\/10\/20200323_172847-1024x768.jpg 1024w, https:\/\/www.greenfactor.fr\/wp-content\/uploads\/2023\/10\/20200323_172847-300x225.jpg 300w, https:\/\/www.greenfactor.fr\/wp-content\/uploads\/2023\/10\/20200323_172847-768x576.jpg 768w, https:\/\/www.greenfactor.fr\/wp-content\/uploads\/2023\/10\/20200323_172847-1536x1152.jpg 1536w, https:\/\/www.greenfactor.fr\/wp-content\/uploads\/2023\/10\/20200323_172847-2048x1536.jpg 2048w, https:\/\/www.greenfactor.fr\/wp-content\/uploads\/2023\/10\/20200323_172847-1x1.jpg 1w\" sizes=\"(max-width: 1024px) 100vw, 1024px\" \/><\/a><\/figure>\n\n\n\n<figure class=\"wp-block-image size-large\"><a href=\"https:\/\/www.greenfactor.fr\/wp-content\/uploads\/2023\/10\/20200323_172926-scaled.jpg\" target=\"_blank\" rel=\"noopener\"><img decoding=\"async\" loading=\"lazy\" width=\"1024\" height=\"768\" data-id=\"314\" src=\"https:\/\/www.greenfactor.fr\/wp-content\/uploads\/2023\/10\/20200323_172926-1024x768.jpg\" alt=\"\" class=\"wp-image-314\" srcset=\"https:\/\/www.greenfactor.fr\/wp-content\/uploads\/2023\/10\/20200323_172926-1024x768.jpg 1024w, https:\/\/www.greenfactor.fr\/wp-content\/uploads\/2023\/10\/20200323_172926-300x225.jpg 300w, https:\/\/www.greenfactor.fr\/wp-content\/uploads\/2023\/10\/20200323_172926-768x576.jpg 768w, https:\/\/www.greenfactor.fr\/wp-content\/uploads\/2023\/10\/20200323_172926-1536x1152.jpg 1536w, https:\/\/www.greenfactor.fr\/wp-content\/uploads\/2023\/10\/20200323_172926-2048x1536.jpg 2048w, https:\/\/www.greenfactor.fr\/wp-content\/uploads\/2023\/10\/20200323_172926-1x1.jpg 1w\" sizes=\"(max-width: 1024px) 100vw, 1024px\" \/><\/a><\/figure>\n\n\n\n<figure class=\"wp-block-image size-large\"><img decoding=\"async\" loading=\"lazy\" width=\"1024\" height=\"768\" data-id=\"318\" src=\"https:\/\/www.greenfactor.fr\/wp-content\/uploads\/2023\/10\/20200211_160303-1024x768.jpg\" alt=\"\" class=\"wp-image-318\" srcset=\"https:\/\/www.greenfactor.fr\/wp-content\/uploads\/2023\/10\/20200211_160303-1024x768.jpg 1024w, https:\/\/www.greenfactor.fr\/wp-content\/uploads\/2023\/10\/20200211_160303-300x225.jpg 300w, https:\/\/www.greenfactor.fr\/wp-content\/uploads\/2023\/10\/20200211_160303-768x576.jpg 768w, https:\/\/www.greenfactor.fr\/wp-content\/uploads\/2023\/10\/20200211_160303-1536x1152.jpg 1536w, https:\/\/www.greenfactor.fr\/wp-content\/uploads\/2023\/10\/20200211_160303-2048x1536.jpg 2048w, https:\/\/www.greenfactor.fr\/wp-content\/uploads\/2023\/10\/20200211_160303-1x1.jpg 1w\" sizes=\"(max-width: 1024px) 100vw, 1024px\" \/><\/figure>\n\n\n\n<figure class=\"wp-block-image size-large\"><img decoding=\"async\" loading=\"lazy\" width=\"768\" height=\"1024\" data-id=\"319\" src=\"https:\/\/www.greenfactor.fr\/wp-content\/uploads\/2023\/10\/20211009_182028-768x1024.jpg\" alt=\"\" class=\"wp-image-319\" srcset=\"https:\/\/www.greenfactor.fr\/wp-content\/uploads\/2023\/10\/20211009_182028-768x1024.jpg 768w, https:\/\/www.greenfactor.fr\/wp-content\/uploads\/2023\/10\/20211009_182028-225x300.jpg 225w, https:\/\/www.greenfactor.fr\/wp-content\/uploads\/2023\/10\/20211009_182028-1152x1536.jpg 1152w, https:\/\/www.greenfactor.fr\/wp-content\/uploads\/2023\/10\/20211009_182028-1536x2048.jpg 1536w, https:\/\/www.greenfactor.fr\/wp-content\/uploads\/2023\/10\/20211009_182028-1x1.jpg 1w, https:\/\/www.greenfactor.fr\/wp-content\/uploads\/2023\/10\/20211009_182028-scaled.jpg 1920w\" sizes=\"(max-width: 768px) 100vw, 768px\" \/><\/figure>\n\n\n\n<figure class=\"wp-block-image size-large\"><a href=\"https:\/\/www.greenfactor.fr\/wp-content\/uploads\/2023\/10\/20191104_165526-scaled.jpg\" target=\"_blank\" rel=\"noopener\"><img decoding=\"async\" loading=\"lazy\" width=\"768\" height=\"1024\" data-id=\"312\" src=\"https:\/\/www.greenfactor.fr\/wp-content\/uploads\/2023\/10\/20191104_165526-768x1024.jpg\" alt=\"\" class=\"wp-image-312\" srcset=\"https:\/\/www.greenfactor.fr\/wp-content\/uploads\/2023\/10\/20191104_165526-768x1024.jpg 768w, https:\/\/www.greenfactor.fr\/wp-content\/uploads\/2023\/10\/20191104_165526-225x300.jpg 225w, https:\/\/www.greenfactor.fr\/wp-content\/uploads\/2023\/10\/20191104_165526-1152x1536.jpg 1152w, https:\/\/www.greenfactor.fr\/wp-content\/uploads\/2023\/10\/20191104_165526-1536x2048.jpg 1536w, https:\/\/www.greenfactor.fr\/wp-content\/uploads\/2023\/10\/20191104_165526-1x1.jpg 1w, https:\/\/www.greenfactor.fr\/wp-content\/uploads\/2023\/10\/20191104_165526-scaled.jpg 1920w\" sizes=\"(max-width: 768px) 100vw, 768px\" \/><\/a><\/figure>\n<\/figure>\n","protected":false},"excerpt":{"rendered":"<p>Nous cr\u00e9ons des terrasses en bois sur mesure, con\u00e7ues pour \u00eatre un prolongement naturel de votre maison. Le bois offre une esth\u00e9tique chaleureuse et naturelle qui s\u2019int\u00e8gre parfaitement \u00e0 tout jardin. Nos terrasses sont construites pour r\u00e9sister aux \u00e9l\u00e9ments et offrir un espace confortable pour se d\u00e9tendre et se divertir. Nos abris de jardin en [&hellip;]<\/p>\n","protected":false},"author":1,"featured_media":0,"parent":0,"menu_order":0,"comment_status":"closed","ping_status":"closed","template":"","meta":{"footnotes":""},"_links":{"self":[{"href":"https:\/\/www.greenfactor.fr\/index.php\/wp-json\/wp\/v2\/pages\/75"}],"collection":[{"href":"https:\/\/www.greenfactor.fr\/index.php\/wp-json\/wp\/v2\/pages"}],"about":[{"href":"https:\/\/www.greenfactor.fr\/index.php\/wp-json\/wp\/v2\/types\/page"}],"author":[{"embeddable":true,"href":"https:\/\/www.greenfactor.fr\/index.php\/wp-json\/wp\/v2\/users\/1"}],"replies":[{"embeddable":true,"href":"https:\/\/www.greenfactor.fr\/index.php\/wp-json\/wp\/v2\/comments?post=75"}],"version-history":[{"count":9,"href":"https:\/\/www.greenfactor.fr\/index.php\/wp-json\/wp\/v2\/pages\/75\/revisions"}],"predecessor-version":[{"id":423,"href":"https:\/\/www.greenfactor.fr\/index.php\/wp-json\/wp\/v2\/pages\/75\/revisions\/423"}],"wp:attachment":[{"href":"https:\/\/www.greenfactor.fr\/index.php\/wp-json\/wp\/v2\/media?parent=75"}],"curies":[{"name":"wp","href":"https:\/\/api.w.org\/{rel}","templated":true}]}}