{"id":82,"date":"2023-10-15T16:25:57","date_gmt":"2023-10-15T14:25:57","guid":{"rendered":"https:\/\/greenfactor.fr\/?page_id=82"},"modified":"2023-10-28T18:51:45","modified_gmt":"2023-10-28T16:51:45","slug":"creation-de-jardins","status":"publish","type":"page","link":"https:\/\/www.greenfactor.fr\/index.php\/creation-de-jardins\/","title":{"rendered":"CR\u00c9ATION DE JARDINS"},"content":{"rendered":"\n<p style=\"font-size:22px;font-style:normal;font-weight:500\">Nous cr\u00e9ons des jardins qui incarnent l\u2019harmonie parfaite entre le luxe et l\u2019\u00e9cologie. <\/p>\n\n\n\n<p style=\"font-size:22px;font-style:normal;font-weight:500\">Nous croyons que le standing ne doit pas compromettre notre engagement envers la durabilit\u00e9. Chaque jardin que nous concevons est un t\u00e9moignage de cette philosophie. <\/p>\n\n\n\n<p style=\"font-size:22px;font-style:normal;font-weight:500\">Nous utilisons des mat\u00e9riaux de haute qualit\u00e9 et respectueux de l\u2019environnement, et nos designs sont \u00e0 la fois \u00e9l\u00e9gants et respectueux de la nature. <\/p>\n\n\n\n<p style=\"font-size:22px;font-style:normal;font-weight:500\">Avec plus de 10 ans d\u2019exp\u00e9rience, nous avons perfectionn\u00e9 notre art pour cr\u00e9er des jardins non seulement visuellement impressionnants, mais aussi \u00e9cologiquement responsables. <\/p>\n\n\n\n<p style=\"font-size:22px;font-style:normal;font-weight:500\">En choisissant Greenfactor, vous choisissez un paysagisme de standing qui respecte et enrichit notre environnement.<\/p>\n\n\n\n<hr class=\"wp-block-separator has-alpha-channel-opacity\"\/>\n\n\n\n<div class=\"wp-block-columns is-layout-flex wp-container-5 wp-block-columns-is-layout-flex\">\n<div class=\"wp-block-column is-layout-flow wp-block-column-is-layout-flow\" style=\"flex-basis:50%\">\n<div class=\"wp-block-buttons is-content-justification-center is-layout-flex wp-container-1 wp-block-buttons-is-layout-flex\">\n<div class=\"wp-block-button\"><a class=\"wp-block-button__link wp-element-button\" href=\"https:\/\/greenfactor.fr\/index.php\/jardin-dombre\/\">CR\u00c9ATION JARDINS D&rsquo;OMBRE<\/a><\/div>\n<\/div>\n<\/div>\n\n\n\n<div class=\"wp-block-column is-layout-flow wp-block-column-is-layout-flow\" style=\"flex-basis:50%\">\n<div class=\"wp-block-buttons is-content-justification-center is-layout-flex wp-container-3 wp-block-buttons-is-layout-flex\">\n<div class=\"wp-block-button\"><a class=\"wp-block-button__link wp-element-button\" href=\"https:\/\/greenfactor.fr\/index.php\/jardin-mediterreaneen\/\">CR\u00c9ATION JARDINS M\u00c9DITERRAN\u00c9ENS<\/a><\/div>\n<\/div>\n<\/div>\n<\/div>\n\n\n\n<div style=\"height:239px\" aria-hidden=\"true\" class=\"wp-block-spacer\"><\/div>\n","protected":false},"excerpt":{"rendered":"<p>Nous cr\u00e9ons des jardins qui incarnent l\u2019harmonie parfaite entre le luxe et l\u2019\u00e9cologie. Nous croyons que le standing ne doit pas compromettre notre engagement envers la durabilit\u00e9. Chaque jardin que nous concevons est un t\u00e9moignage de cette philosophie. Nous utilisons des mat\u00e9riaux de haute qualit\u00e9 et respectueux de l\u2019environnement, et nos designs sont \u00e0 la [&hellip;]<\/p>\n","protected":false},"author":1,"featured_media":0,"parent":0,"menu_order":0,"comment_status":"closed","ping_status":"closed","template":"","meta":{"footnotes":""},"_links":{"self":[{"href":"https:\/\/www.greenfactor.fr\/index.php\/wp-json\/wp\/v2\/pages\/82"}],"collection":[{"href":"https:\/\/www.greenfactor.fr\/index.php\/wp-json\/wp\/v2\/pages"}],"about":[{"href":"https:\/\/www.greenfactor.fr\/index.php\/wp-json\/wp\/v2\/types\/page"}],"author":[{"embeddable":true,"href":"https:\/\/www.greenfactor.fr\/index.php\/wp-json\/wp\/v2\/users\/1"}],"replies":[{"embeddable":true,"href":"https:\/\/www.greenfactor.fr\/index.php\/wp-json\/wp\/v2\/comments?post=82"}],"version-history":[{"count":7,"href":"https:\/\/www.greenfactor.fr\/index.php\/wp-json\/wp\/v2\/pages\/82\/revisions"}],"predecessor-version":[{"id":407,"href":"https:\/\/www.greenfactor.fr\/index.php\/wp-json\/wp\/v2\/pages\/82\/revisions\/407"}],"wp:attachment":[{"href":"https:\/\/www.greenfactor.fr\/index.php\/wp-json\/wp\/v2\/media?parent=82"}],"curies":[{"name":"wp","href":"https:\/\/api.w.org\/{rel}","templated":true}]}}