{"id":89,"date":"2023-10-15T16:28:28","date_gmt":"2023-10-15T14:28:28","guid":{"rendered":"https:\/\/greenfactor.fr\/?page_id=89"},"modified":"2023-10-28T18:52:30","modified_gmt":"2023-10-28T16:52:30","slug":"creation-de-plans-et-modelisation-3d","status":"publish","type":"page","link":"https:\/\/www.greenfactor.fr\/index.php\/creation-de-plans-et-modelisation-3d\/","title":{"rendered":"CR\u00c9ATION DE PLANS ET MOD\u00c9LISATION 3D"},"content":{"rendered":"\n<p style=\"font-size:22px;font-style:normal;font-weight:500\">Nous sommes fiers de notre expertise dans la cr\u00e9ation de plans et de mod\u00e9lisations 3D pour nos projets de paysagisme.<\/p>\n\n\n\n<p style=\"font-size:22px;font-style:normal;font-weight:500\"> Nous utilisons les derni\u00e8res technologies pour vous donner une vision pr\u00e9cise et r\u00e9aliste de votre futur jardin avant m\u00eame que les travaux ne commencent. <\/p>\n\n\n\n<p style=\"font-size:22px;font-style:normal;font-weight:500\">Nos plans d\u00e9taill\u00e9s vous permettent de visualiser l\u2019agencement des plantes, des all\u00e9es, des terrasses et d\u2019autres \u00e9l\u00e9ments du jardin. <\/p>\n\n\n\n<p style=\"font-size:22px;font-style:normal;font-weight:500\">Nos mod\u00e9lisations 3D, quant \u00e0 elles, vous offrent une vue immersive qui vous permet de vous promener virtuellement dans votre futur jardin.<\/p>\n\n\n\n<p style=\"font-size:22px;font-style:normal;font-weight:500\"> Ce processus vous permet non seulement de mieux comprendre notre vision, mais aussi de participer activement \u00e0 la conception de votre espace ext\u00e9rieur.<\/p>\n\n\n\n<hr class=\"wp-block-separator has-alpha-channel-opacity is-style-default\"\/>\n\n\n\n<div style=\"height:147px\" aria-hidden=\"true\" class=\"wp-block-spacer\"><\/div>\n","protected":false},"excerpt":{"rendered":"<p>Nous sommes fiers de notre expertise dans la cr\u00e9ation de plans et de mod\u00e9lisations 3D pour nos projets de paysagisme. Nous utilisons les derni\u00e8res technologies pour vous donner une vision pr\u00e9cise et r\u00e9aliste de votre futur jardin avant m\u00eame que les travaux ne commencent. Nos plans d\u00e9taill\u00e9s vous permettent de visualiser l\u2019agencement des plantes, des [&hellip;]<\/p>\n","protected":false},"author":1,"featured_media":0,"parent":0,"menu_order":0,"comment_status":"closed","ping_status":"closed","template":"","meta":{"footnotes":""},"_links":{"self":[{"href":"https:\/\/www.greenfactor.fr\/index.php\/wp-json\/wp\/v2\/pages\/89"}],"collection":[{"href":"https:\/\/www.greenfactor.fr\/index.php\/wp-json\/wp\/v2\/pages"}],"about":[{"href":"https:\/\/www.greenfactor.fr\/index.php\/wp-json\/wp\/v2\/types\/page"}],"author":[{"embeddable":true,"href":"https:\/\/www.greenfactor.fr\/index.php\/wp-json\/wp\/v2\/users\/1"}],"replies":[{"embeddable":true,"href":"https:\/\/www.greenfactor.fr\/index.php\/wp-json\/wp\/v2\/comments?post=89"}],"version-history":[{"count":7,"href":"https:\/\/www.greenfactor.fr\/index.php\/wp-json\/wp\/v2\/pages\/89\/revisions"}],"predecessor-version":[{"id":409,"href":"https:\/\/www.greenfactor.fr\/index.php\/wp-json\/wp\/v2\/pages\/89\/revisions\/409"}],"wp:attachment":[{"href":"https:\/\/www.greenfactor.fr\/index.php\/wp-json\/wp\/v2\/media?parent=89"}],"curies":[{"name":"wp","href":"https:\/\/api.w.org\/{rel}","templated":true}]}}